{"id":3213,"date":"2010-12-10T21:53:11","date_gmt":"2010-12-10T21:53:11","guid":{"rendered":"http:\/\/www.dosacordes.es\/web\/?product=o-quinteto-monterrey-de-josa-posada-nos-xardans-da-tropical"},"modified":"2020-06-07T21:41:01","modified_gmt":"2020-06-07T19:41:01","slug":"o-quinteto-monterrey-de-josa-posada-nos-xardans-da-tropical","status":"publish","type":"product","link":"https:\/\/www.dosacordes.es\/web\/producto\/o-quinteto-monterrey-de-josa-posada-nos-xardans-da-tropical\/","title":{"rendered":"O \u00abQuinteto Monterrey\u00bb de Jos\u00e9 Posada: Nos xard\u00edns da Tropical"},"content":{"rendered":"","protected":false},"excerpt":{"rendered":"<h5>Oscar Ib\u00e1\u00f1ez Garc\u00eda<\/h5>\n<div>\n<p>Este libro recoge la vida de Jos\u00e9 Posada (A Rasela, 1885-La Habana, 1955), un gaitero gallego que emigr\u00f3 la Cuba, donde form\u00f3 el \u00abQuinteto Monterrey\u00bb. Las partituras del \u00abQuinteto Monterrey\u00bb constituyen un legado \u00fanico e important\u00edsimo para el estudio de los repertorios de los conjuntos gallegos con gaita de Cuba, que desarrollaron una intensa actividad musical en el marco de las sociedades espa\u00f1olas entre 1920 y 1940.<\/p>\n<p>El trabajo se completa con una cuidada edici\u00f3n electr\u00f3nica de 39 de las 54 piezas conservadas del conjunto, un CD- DA con la reconstrucci\u00f3n musical de las 19 piezas m\u00e1s caracter\u00edsticas de su repertorio y un CD-ROM con las partituras originales en im\u00e1genes, las partes de la edici\u00f3n electr\u00f3nica en formato PDF y el programa \u00abAlal\u00e1\u00bb n\u00ba 91 de la TVG, dedicado a Rodolfo Posada y al \u00abQuinteto Monterrey\u00bb de Jos\u00e9 Posada.<\/p>\n<\/div>\n","protected":false},"featured_media":3102,"template":"","meta":{"om_disable_all_campaigns":false,"_monsterinsights_skip_tracking":false,"_monsterinsights_sitenote_active":false,"_monsterinsights_sitenote_note":"","_monsterinsights_sitenote_category":0},"product_cat":[347],"product_tag":[],"aioseo_notices":[],"lang":"es","translations":{"es":3213},"pll_sync_post":[],"_links":{"self":[{"href":"https:\/\/www.dosacordes.es\/web\/wp-json\/wp\/v2\/product\/3213"}],"collection":[{"href":"https:\/\/www.dosacordes.es\/web\/wp-json\/wp\/v2\/product"}],"about":[{"href":"https:\/\/www.dosacordes.es\/web\/wp-json\/wp\/v2\/types\/product"}],"wp:featuredmedia":[{"embeddable":true,"href":"https:\/\/www.dosacordes.es\/web\/wp-json\/wp\/v2\/media\/3102"}],"wp:attachment":[{"href":"https:\/\/www.dosacordes.es\/web\/wp-json\/wp\/v2\/media?parent=3213"}],"wp:term":[{"taxonomy":"product_cat","embeddable":true,"href":"https:\/\/www.dosacordes.es\/web\/wp-json\/wp\/v2\/product_cat?post=3213"},{"taxonomy":"product_tag","embeddable":true,"href":"https:\/\/www.dosacordes.es\/web\/wp-json\/wp\/v2\/product_tag?post=3213"}],"curies":[{"name":"wp","href":"https:\/\/api.w.org\/{rel}","templated":true}]}}