{"id":15841,"date":"2026-01-21T01:20:57","date_gmt":"2026-01-21T00:20:57","guid":{"rendered":"https:\/\/www.dosacordes.es\/web\/?post_type=product&#038;p=15841"},"modified":"2026-04-21T21:11:52","modified_gmt":"2026-04-21T19:11:52","slug":"como-resolver-supuestos-practicos","status":"publish","type":"product","link":"https:\/\/www.dosacordes.es\/web\/producto\/como-resolver-supuestos-practicos\/","title":{"rendered":"C\u00f3mo resolver supuestos pr\u00e1cticos de Educaci\u00f3n Infantil"},"content":{"rendered":"","protected":false},"excerpt":{"rendered":"<h5>Ana Bel\u00e9n Olmos Ortega y Blanca Garc\u00eda Pozo<\/h5>\n<p>Este libro es un manual orientado a la resoluci\u00f3n de supuestos pr\u00e1cticos en el proceso selectivo para el ingreso en el cuerpo de maestras y maestros de Educaci\u00f3n Infantil. En \u00e9l se explican de forma clara y estructurada las caracter\u00edsticas de esta prueba, su finalidad dentro del proceso selectivo y los criterios que habitualmente valoran los tribunales. El texto ofrece asimismo pautas concretas para analizar el enunciado, organizar la respuesta y justificar las decisiones pedag\u00f3gicas desde una perspectiva did\u00e1ctica, organizativa y profesional. Aborda tambi\u00e9n la importancia de la normativa, la coherencia curricular, la atenci\u00f3n a la diversidad y la necesidad de fundamentar la pr\u00e1ctica educativa de manera razonada.<\/p>\n<p>Incluye orientaciones para la preparaci\u00f3n previa y para el desarrollo del examen, as\u00ed como recursos pr\u00e1cticos \u2014esquemas, conectores y recomendaciones de redacci\u00f3n\u2014 que ayudan a construir respuestas claras, coherentes y bien estructuradas. En definitiva, contribuye a sentar las bases metodol\u00f3gicas para afrontar con rigor y solvencia la prueba pr\u00e1ctica en las oposiciones docentes.<\/p>\n","protected":false},"featured_media":15842,"template":"","meta":{"om_disable_all_campaigns":false,"_monsterinsights_skip_tracking":false,"_monsterinsights_sitenote_active":false,"_monsterinsights_sitenote_note":"","_monsterinsights_sitenote_category":0},"product_cat":[387,641],"product_tag":[],"aioseo_notices":[],"lang":"es","translations":{"es":15841},"pll_sync_post":[],"_links":{"self":[{"href":"https:\/\/www.dosacordes.es\/web\/wp-json\/wp\/v2\/product\/15841"}],"collection":[{"href":"https:\/\/www.dosacordes.es\/web\/wp-json\/wp\/v2\/product"}],"about":[{"href":"https:\/\/www.dosacordes.es\/web\/wp-json\/wp\/v2\/types\/product"}],"wp:featuredmedia":[{"embeddable":true,"href":"https:\/\/www.dosacordes.es\/web\/wp-json\/wp\/v2\/media\/15842"}],"wp:attachment":[{"href":"https:\/\/www.dosacordes.es\/web\/wp-json\/wp\/v2\/media?parent=15841"}],"wp:term":[{"taxonomy":"product_cat","embeddable":true,"href":"https:\/\/www.dosacordes.es\/web\/wp-json\/wp\/v2\/product_cat?post=15841"},{"taxonomy":"product_tag","embeddable":true,"href":"https:\/\/www.dosacordes.es\/web\/wp-json\/wp\/v2\/product_tag?post=15841"}],"curies":[{"name":"wp","href":"https:\/\/api.w.org\/{rel}","templated":true}]}}