{"id":15809,"date":"2026-01-12T11:27:27","date_gmt":"2026-01-12T10:27:27","guid":{"rendered":"https:\/\/www.dosacordes.es\/web\/?post_type=product&#038;p=15809"},"modified":"2026-04-17T08:59:29","modified_gmt":"2026-04-17T06:59:29","slug":"pack-temario-y-programacion-didactica-de-guitarra","status":"publish","type":"product","link":"https:\/\/www.dosacordes.es\/web\/producto\/pack-temario-y-programacion-didactica-de-guitarra\/","title":{"rendered":"\u00a1PACK! Temario y Programaci\u00f3n Did\u00e1ctica de Guitarra"},"content":{"rendered":"","protected":false},"excerpt":{"rendered":"<p>Este pack incluye el temario completo de la especialidad de Guitarra, correspondiente al Cuerpo de Profesores de M\u00fasica y Artes Esc\u00e9nicas. Seg\u00fan Orden ECD\/1753\/2015, de 25 de agosto, por la que se aprueban los temarios que han de regir en los procedimientos de ingreso, acceso y adquisici\u00f3n de nuevas especialidades en el Cuerpo de Profesores de M\u00fasica y Artes Esc\u00e9nicas (BOE del 28 de agosto de 2015), as\u00ed como tres Programaciones Did\u00e1cticas de Guitarra, con sus correspondientes unidades, dise\u00f1adas para 3.\u00ba, 4.\u00ba y 6.\u00ba curso de Ense\u00f1anzas Profesionales. Los autores son funcionarios de carrera de distintas administraciones y colaboradores de la Academia Dos Acordes.<\/p>\n","protected":false},"featured_media":15814,"template":"","meta":{"om_disable_all_campaigns":false,"_monsterinsights_skip_tracking":false,"_monsterinsights_sitenote_active":false,"_monsterinsights_sitenote_note":"","_monsterinsights_sitenote_category":0},"product_cat":[387,641,640],"product_tag":[],"aioseo_notices":[],"lang":"es","translations":{"es":15809},"pll_sync_post":[],"_links":{"self":[{"href":"https:\/\/www.dosacordes.es\/web\/wp-json\/wp\/v2\/product\/15809"}],"collection":[{"href":"https:\/\/www.dosacordes.es\/web\/wp-json\/wp\/v2\/product"}],"about":[{"href":"https:\/\/www.dosacordes.es\/web\/wp-json\/wp\/v2\/types\/product"}],"wp:featuredmedia":[{"embeddable":true,"href":"https:\/\/www.dosacordes.es\/web\/wp-json\/wp\/v2\/media\/15814"}],"wp:attachment":[{"href":"https:\/\/www.dosacordes.es\/web\/wp-json\/wp\/v2\/media?parent=15809"}],"wp:term":[{"taxonomy":"product_cat","embeddable":true,"href":"https:\/\/www.dosacordes.es\/web\/wp-json\/wp\/v2\/product_cat?post=15809"},{"taxonomy":"product_tag","embeddable":true,"href":"https:\/\/www.dosacordes.es\/web\/wp-json\/wp\/v2\/product_tag?post=15809"}],"curies":[{"name":"wp","href":"https:\/\/api.w.org\/{rel}","templated":true}]}}