{"id":15713,"date":"2025-12-17T01:14:47","date_gmt":"2025-12-17T00:14:47","guid":{"rendered":"https:\/\/www.dosacordes.es\/web\/?post_type=product&#038;p=15713"},"modified":"2025-12-17T01:23:13","modified_gmt":"2025-12-17T00:23:13","slug":"pack-temarios-lenguaje-musical","status":"publish","type":"product","link":"https:\/\/www.dosacordes.es\/web\/producto\/pack-temarios-lenguaje-musical\/","title":{"rendered":"\u00a1PACK! Temarios de Lenguaje Musical OFERTA ESPECIAL FIN DE EXISTENCIAS"},"content":{"rendered":"","protected":false},"excerpt":{"rendered":"<h5>Mateo Iglesias Seoane, Javier Jurado Luque, Equipo docente de Dos Acordes<\/h5>\n<h5>M\u00f3nica Balo Gonz\u00e1lez<\/h5>\n<p>El pack incluye dos temarios de la especialidad de Lenguaje Musical elaborados seg\u00fan Orden ECD1753\/2015, de 25 de agosto, por la que se aprueban los temarios que han de regir en los procedimientos de ingreso, acceso y adquisici\u00f3n de nuevas especialidades en el Cuerpo de Profesores de M\u00fasica y Artes Esc\u00e9nicas (BOE del 28 de agosto de 2015).<\/p>\n<p><strong>Obt\u00e9n en un \u00fanico pack, en oferta especial:<\/strong><\/p>\n<ul>\n<li><strong>Temario elaborado por M\u00f3nica Balo en 2018.<\/strong><\/li>\n<li><strong>Nuevo temario reelaborado en 2025 por Mateo Iglesias y el equipo docente de la Academia Dos Acordes.<\/strong><\/li>\n<\/ul>\n<p>Oferta disponible \u00fanicamente hasta final de existencias.<\/p>\n<p><a href=\"https:\/\/www.dosacordes.es\/web\/producto\/temario-de-lenguaje-musical\/\">Adquiere aqu\u00ed el nuevo temario de Lenguaje Musical de forma individual.<\/a><\/p>\n","protected":false},"featured_media":15714,"template":"","meta":{"om_disable_all_campaigns":false,"_monsterinsights_skip_tracking":false,"_monsterinsights_sitenote_active":false,"_monsterinsights_sitenote_note":"","_monsterinsights_sitenote_category":0},"product_cat":[387,641,640],"product_tag":[],"aioseo_notices":[],"lang":"es","translations":{"es":15713},"pll_sync_post":[],"_links":{"self":[{"href":"https:\/\/www.dosacordes.es\/web\/wp-json\/wp\/v2\/product\/15713"}],"collection":[{"href":"https:\/\/www.dosacordes.es\/web\/wp-json\/wp\/v2\/product"}],"about":[{"href":"https:\/\/www.dosacordes.es\/web\/wp-json\/wp\/v2\/types\/product"}],"wp:featuredmedia":[{"embeddable":true,"href":"https:\/\/www.dosacordes.es\/web\/wp-json\/wp\/v2\/media\/15714"}],"wp:attachment":[{"href":"https:\/\/www.dosacordes.es\/web\/wp-json\/wp\/v2\/media?parent=15713"}],"wp:term":[{"taxonomy":"product_cat","embeddable":true,"href":"https:\/\/www.dosacordes.es\/web\/wp-json\/wp\/v2\/product_cat?post=15713"},{"taxonomy":"product_tag","embeddable":true,"href":"https:\/\/www.dosacordes.es\/web\/wp-json\/wp\/v2\/product_tag?post=15713"}],"curies":[{"name":"wp","href":"https:\/\/api.w.org\/{rel}","templated":true}]}}