{"id":15495,"date":"2025-10-03T17:22:16","date_gmt":"2025-10-03T15:22:16","guid":{"rendered":"https:\/\/www.dosacordes.es\/web\/?post_type=product&#038;p=15495"},"modified":"2026-04-07T18:29:52","modified_gmt":"2026-04-07T16:29:52","slug":"pack-temario-y-programacion-didactica-de-saxofon","status":"publish","type":"product","link":"https:\/\/www.dosacordes.es\/web\/producto\/pack-temario-y-programacion-didactica-de-saxofon\/","title":{"rendered":"\u00a1PACK! Temario y Programaci\u00f3n Did\u00e1ctica de Saxof\u00f3n"},"content":{"rendered":"","protected":false},"excerpt":{"rendered":"<p>El pack incluye el temario completo de la especialidad de Saxof\u00f3n, seg\u00fan el temario publicado en BOE el 28 de agosto de 2015, as\u00ed como la Programaci\u00f3n Did\u00e1ctica de la misma especialidad. Los autores son funcionarios de carrera de distintas administraciones y colaboradores de la Academia Dos Acordes.<\/p>\n","protected":false},"featured_media":15939,"template":"","meta":{"om_disable_all_campaigns":false,"_monsterinsights_skip_tracking":false,"_monsterinsights_sitenote_active":false,"_monsterinsights_sitenote_note":"","_monsterinsights_sitenote_category":0},"product_cat":[387,641,640],"product_tag":[],"aioseo_notices":[],"lang":"es","translations":{"es":15495},"pll_sync_post":[],"_links":{"self":[{"href":"https:\/\/www.dosacordes.es\/web\/wp-json\/wp\/v2\/product\/15495"}],"collection":[{"href":"https:\/\/www.dosacordes.es\/web\/wp-json\/wp\/v2\/product"}],"about":[{"href":"https:\/\/www.dosacordes.es\/web\/wp-json\/wp\/v2\/types\/product"}],"wp:featuredmedia":[{"embeddable":true,"href":"https:\/\/www.dosacordes.es\/web\/wp-json\/wp\/v2\/media\/15939"}],"wp:attachment":[{"href":"https:\/\/www.dosacordes.es\/web\/wp-json\/wp\/v2\/media?parent=15495"}],"wp:term":[{"taxonomy":"product_cat","embeddable":true,"href":"https:\/\/www.dosacordes.es\/web\/wp-json\/wp\/v2\/product_cat?post=15495"},{"taxonomy":"product_tag","embeddable":true,"href":"https:\/\/www.dosacordes.es\/web\/wp-json\/wp\/v2\/product_tag?post=15495"}],"curies":[{"name":"wp","href":"https:\/\/api.w.org\/{rel}","templated":true}]}}