{"id":15474,"date":"2025-10-02T13:10:12","date_gmt":"2025-10-02T11:10:12","guid":{"rendered":"https:\/\/www.dosacordes.es\/web\/?post_type=product&#038;p=15474"},"modified":"2026-03-26T19:41:44","modified_gmt":"2026-03-26T18:41:44","slug":"programacion-didactica-fundamentos-composicion","status":"publish","type":"product","link":"https:\/\/www.dosacordes.es\/web\/producto\/programacion-didactica-fundamentos-composicion\/","title":{"rendered":"Programaci\u00f3n Did\u00e1ctica de Fundamentos de Composici\u00f3n"},"content":{"rendered":"","protected":false},"excerpt":{"rendered":"<h5>Alfonso Herrero Heras y Ezequiel Navarrete Caparr\u00f3s<\/h5>\n<div class=\"rcx-box rcx-box--full rcx-message-container\">\n<div class=\"rcx-message-body\" data-qa-type=\"message-body\">\n<div class=\"rcx-box rcx-box--full rcx-css-gln5p7\">\n<p>Este volumen contiene dos Programaciones Did\u00e1cticas de la especialidad de Fundamentos de Composici\u00f3n, con sus correspondientes unidades, dise\u00f1adas para la asignatura de Armon\u00eda de 3.\u00ba y la asignatura de An\u00e1lisis de 6.\u00ba curso de Ense\u00f1anzas Profesionales.<\/p>\n<p>A pesar de su concreci\u00f3n, las programaciones y unidades que presentamos pretenden proporcionar un modelo que ayude a las personas aspirantes al Cuerpo de Profesores de M\u00fasica y Artes Esc\u00e9nicas a elaborar las suyas, sean enfocadas a otros cursos, comunidades aut\u00f3nomas e, incluso, otras especialidades.<\/p>\n<p>En la redacci\u00f3n de los elementos curriculares se ha establecido tanto una correspondencia horizontal (relacionando los diferentes elementos del curr\u00edculo dentro de un mismo nivel de concreci\u00f3n curricular) como vertical (respetando la relaci\u00f3n de un mismo elemento del curr\u00edculo a trav\u00e9s de los diferentes niveles de concreci\u00f3n curricular). De esta forma, se ha procurado la coherencia en la concreci\u00f3n y correlaci\u00f3n de los objetivos, contenidos y criterios de evaluaci\u00f3n de la asignatura, tanto en la programaci\u00f3n como en las unidades did\u00e1cticas.<\/p>\n<p>Siguiendo las actuales directrices de las administraciones educativas se han a\u00f1adido otros elementos a los m\u00ednimos exigibles por convocatoria, tales como la adecuaci\u00f3n al marco normativo, la contextualizaci\u00f3n (nivel educativo y caracter\u00edsticas del centro), la contribuci\u00f3n de la materia a la adquisici\u00f3n de las competencias clave, la incorporaci\u00f3n de los contenidos de car\u00e1cter transversal al curr\u00edculo as\u00ed como de referencias y peculiaridades de las comunidades aut\u00f3nomas a las que se refieren, los materiales y recursos did\u00e1cticos, las actividades complementarias, la atenci\u00f3n a la diversidad y al alumnado con necesidad espec\u00edfica de apoyo educativo, los procedimientos e instrumentos de evaluaci\u00f3n y su relaci\u00f3n con las competencias, los criterios de calificaci\u00f3n, y la autoevaluaci\u00f3n de la programaci\u00f3n did\u00e1ctica.<\/p>\n<p>Se han a\u00f1adido, adem\u00e1s, otros elementos propios, tales como indicadores de logro, perfil competencial docente y una exhaustiva metodolog\u00eda.<\/p>\n<\/div>\n<\/div>\n<\/div>\n","protected":false},"featured_media":15475,"template":"","meta":{"om_disable_all_campaigns":false,"_monsterinsights_skip_tracking":false,"_monsterinsights_sitenote_active":false,"_monsterinsights_sitenote_note":"","_monsterinsights_sitenote_category":0},"product_cat":[387,641],"product_tag":[4387,4389],"aioseo_notices":[],"lang":"es","translations":{"es":15474},"pll_sync_post":[],"_links":{"self":[{"href":"https:\/\/www.dosacordes.es\/web\/wp-json\/wp\/v2\/product\/15474"}],"collection":[{"href":"https:\/\/www.dosacordes.es\/web\/wp-json\/wp\/v2\/product"}],"about":[{"href":"https:\/\/www.dosacordes.es\/web\/wp-json\/wp\/v2\/types\/product"}],"wp:featuredmedia":[{"embeddable":true,"href":"https:\/\/www.dosacordes.es\/web\/wp-json\/wp\/v2\/media\/15475"}],"wp:attachment":[{"href":"https:\/\/www.dosacordes.es\/web\/wp-json\/wp\/v2\/media?parent=15474"}],"wp:term":[{"taxonomy":"product_cat","embeddable":true,"href":"https:\/\/www.dosacordes.es\/web\/wp-json\/wp\/v2\/product_cat?post=15474"},{"taxonomy":"product_tag","embeddable":true,"href":"https:\/\/www.dosacordes.es\/web\/wp-json\/wp\/v2\/product_tag?post=15474"}],"curies":[{"name":"wp","href":"https:\/\/api.w.org\/{rel}","templated":true}]}}