{"id":15343,"date":"2025-09-09T19:46:18","date_gmt":"2025-09-09T17:46:18","guid":{"rendered":"https:\/\/www.dosacordes.es\/web\/?post_type=product&#038;p=15343"},"modified":"2025-09-09T20:29:43","modified_gmt":"2025-09-09T18:29:43","slug":"three-differential-fantasies","status":"publish","type":"product","link":"https:\/\/www.dosacordes.es\/web\/producto\/three-differential-fantasies\/","title":{"rendered":"Three Differential Fantasies"},"content":{"rendered":"","protected":false},"excerpt":{"rendered":"<h5>David Cuevas S\u00e1nchez<\/h5>\n<p><em>Three Differential Fantasies<\/em> supone la culminaci\u00f3n de un trabajo de tres a\u00f1os, en los que el autor combina diferentes t\u00e9cnicas de composici\u00f3n unidas sobre la gu\u00eda de una l\u00ednea mel\u00f3dica com\u00fan, que vertebra toda la pieza.<\/p>\n<p>Con <em>Three Differential Fantasies<\/em>, David Cuevas, catedr\u00e1tico de Composici\u00f3n en el Conservatorio Superior de M\u00fasica de A Coru\u00f1a, ha obtenido dos premios en la tercera edici\u00f3n del Concurso Internacional de Compositores Mieczys\u0142aw Kar\u0142owicz (2024), que organizan la Sociedad de Autores ZAiKS y la Filarm\u00f3nica Mieczys\u0142aw Kar\u0142owicz de Szczecin (Polonia): el Segundo Premio del Jurado Profesional y el Premio de la Orquesta a la mejor obra.<\/p>\n<p><em><strong><a href=\"https:\/\/www.dosacordes.es\/web\/download\/cuevas-three-differential-fantasies\/\">Partes instrumentales disponibles para descarga aqu\u00ed.<\/a><\/strong><\/em><\/p>\n","protected":false},"featured_media":15344,"template":"","meta":{"om_disable_all_campaigns":false,"_monsterinsights_skip_tracking":false,"_monsterinsights_sitenote_active":false,"_monsterinsights_sitenote_note":"","_monsterinsights_sitenote_category":0},"product_cat":[636],"product_tag":[],"aioseo_notices":[],"lang":"es","translations":{"es":15343},"pll_sync_post":[],"_links":{"self":[{"href":"https:\/\/www.dosacordes.es\/web\/wp-json\/wp\/v2\/product\/15343"}],"collection":[{"href":"https:\/\/www.dosacordes.es\/web\/wp-json\/wp\/v2\/product"}],"about":[{"href":"https:\/\/www.dosacordes.es\/web\/wp-json\/wp\/v2\/types\/product"}],"wp:featuredmedia":[{"embeddable":true,"href":"https:\/\/www.dosacordes.es\/web\/wp-json\/wp\/v2\/media\/15344"}],"wp:attachment":[{"href":"https:\/\/www.dosacordes.es\/web\/wp-json\/wp\/v2\/media?parent=15343"}],"wp:term":[{"taxonomy":"product_cat","embeddable":true,"href":"https:\/\/www.dosacordes.es\/web\/wp-json\/wp\/v2\/product_cat?post=15343"},{"taxonomy":"product_tag","embeddable":true,"href":"https:\/\/www.dosacordes.es\/web\/wp-json\/wp\/v2\/product_tag?post=15343"}],"curies":[{"name":"wp","href":"https:\/\/api.w.org\/{rel}","templated":true}]}}