{"id":15017,"date":"2025-07-16T09:28:25","date_gmt":"2025-07-16T07:28:25","guid":{"rendered":"https:\/\/www.dosacordes.es\/web\/?post_type=product&#038;p=15017"},"modified":"2025-09-09T19:43:53","modified_gmt":"2025-09-09T17:43:53","slug":"valencia-pasodoble","status":"publish","type":"product","link":"https:\/\/www.dosacordes.es\/web\/producto\/valencia-pasodoble\/","title":{"rendered":"Valencia, pasodoble para banda"},"content":{"rendered":"","protected":false},"excerpt":{"rendered":"<h5>Jos\u00e9 Serrano Sime\u00f3n<\/h5>\n<h6>versi\u00f3n para banda sinf\u00f3nica de Ram\u00f3n Ahull\u00f3 Hermano<\/h6>\n<p>Partitura y partes instrumentales para banda sinf\u00f3nica.<\/p>\n<p><strong>Edici\u00f3n digital gratuita en pdf (descarga directa).<\/strong><\/p>\n<p>La inmersi\u00f3n de Jos\u00e9 Serrano en otros g\u00e9neros distintos al teatro l\u00edrico fue ocasional, pero la impronta, al menos en el contexto local, ha sido tanto o m\u00e1s relevante que la de sus piezas l\u00edricas. Este es el caso de sus producciones, inicialmente compuestas para banda, como por ejemplo el <em>Himno de la Exposici\u00f3n<\/em> (1909), <em>Canci\u00f3n del soldado<\/em> (1917) o <em>El fallero<\/em> (1929). Esta \u00faltima pieza, dentro del g\u00e9nero del pasodoble, ha actuado, desde su estreno, como himno de la c\u00e9lebre fiesta valenciana.<\/p>\n<p>La pieza ahora publicada, <em>Valencia<\/em>, tiene una historia arraigada a la tradici\u00f3n, al nacimiento de la Banda Municipal de Valencia \u2014en diciembre de 1903\u2014 y a un personaje emblem\u00e1tico de la cultura musical valenciana: el maestro Salvador Giner Vidal. Este eminente m\u00fasico fue maestro del mismo Serrano y el impulsor de la creaci\u00f3n de aquella entidad musical de cariz municipal.<\/p>\n<p>Serrano quiso hacer su aportaci\u00f3n a este proyecto con una marcha que llevaba por t\u00edtulo <em>Valencia<\/em>, estrenada un 18 de agosto de 1904 bajo la direcci\u00f3n del maestro Santiago Lope, en el templete de la Glorieta de Valencia y con la presencia del propio compositor. As\u00ed pues, la pieza fue programada en varias ocasiones durante 1905 y 1906. Es a partir de esta fecha donde la obra aparece en los programas de concierto como pasodoble, y as\u00ed es como Serrano la reutiliz\u00f3 en la zarzuela <em>La banda nueva<\/em> (1907), donde fue incluida como un n\u00famero titulado \u00abPasodoble de la bandera\u00bb.<\/p>\n","protected":false},"featured_media":15020,"template":"","meta":{"om_disable_all_campaigns":false,"_monsterinsights_skip_tracking":false,"_monsterinsights_sitenote_active":false,"_monsterinsights_sitenote_note":"","_monsterinsights_sitenote_category":0},"product_cat":[349,635],"product_tag":[],"aioseo_notices":[],"lang":"es","translations":{"es":15017},"pll_sync_post":[],"_links":{"self":[{"href":"https:\/\/www.dosacordes.es\/web\/wp-json\/wp\/v2\/product\/15017"}],"collection":[{"href":"https:\/\/www.dosacordes.es\/web\/wp-json\/wp\/v2\/product"}],"about":[{"href":"https:\/\/www.dosacordes.es\/web\/wp-json\/wp\/v2\/types\/product"}],"wp:featuredmedia":[{"embeddable":true,"href":"https:\/\/www.dosacordes.es\/web\/wp-json\/wp\/v2\/media\/15020"}],"wp:attachment":[{"href":"https:\/\/www.dosacordes.es\/web\/wp-json\/wp\/v2\/media?parent=15017"}],"wp:term":[{"taxonomy":"product_cat","embeddable":true,"href":"https:\/\/www.dosacordes.es\/web\/wp-json\/wp\/v2\/product_cat?post=15017"},{"taxonomy":"product_tag","embeddable":true,"href":"https:\/\/www.dosacordes.es\/web\/wp-json\/wp\/v2\/product_tag?post=15017"}],"curies":[{"name":"wp","href":"https:\/\/api.w.org\/{rel}","templated":true}]}}