{"id":14949,"date":"2025-06-27T13:18:50","date_gmt":"2025-06-27T11:18:50","guid":{"rendered":"https:\/\/www.dosacordes.es\/web\/?post_type=product&#038;p=14949"},"modified":"2025-12-23T16:50:24","modified_gmt":"2025-12-23T15:50:24","slug":"musica-para-ballet","status":"publish","type":"product","link":"https:\/\/www.dosacordes.es\/web\/producto\/musica-para-ballet\/","title":{"rendered":"M\u00fasica para ballet"},"content":{"rendered":"","protected":false},"excerpt":{"rendered":"<h3><em>Partituras para el acompa\u00f1amiento pian\u00edstico de las clases de danza cl\u00e1sica<\/em><\/h3>\n<h5>Jos\u00e9 Luis Chicano<\/h5>\n<p>Aunque est\u00e1 demostrado que la mejor forma de acompa\u00f1ar la danza es mediante la improvisaci\u00f3n, muchos pianistas no improvisan o, al enfrentarse por primera vez a una clase de danza, no saben qu\u00e9 deben tocar. Por ello, presentar un libro de partituras para ballet no es contradictorio, sino una herramienta \u00fatil para distintos perfiles de pianistas.<\/p>\n<p>Este libro est\u00e1 pensado tanto para quienes no improvisan como para quienes s\u00ed lo hacen. A los primeros les ofrece un repertorio completo con el que pueden acompa\u00f1ar toda una clase de Danza Cl\u00e1sica, sirviendo como punto de partida para desenvolverse con seguridad en ese contexto. A los pianistas con experiencia que utilizan partituras, les brinda nuevas composiciones con las que enriquecer su repertorio. Por \u00faltimo, los pianistas que improvisan tambi\u00e9n pueden usar este material como base para desarrollar ideas propias.<\/p>\n<p>El libro contiene treinta piezas estructuradas seg\u00fan la l\u00f3gica de una clase de ballet, incluyendo ejercicios tanto en la barra como en el centro. Estas composiciones cubren una amplia variedad de necesidades musicales y r\u00edtmicas, abordando m\u00e9tricas binarias y ternarias seg\u00fan lo requiere cada ejercicio. Todas ellas han sido probadas en situaciones reales de clase, comprobando su efectividad y adecuaci\u00f3n.<\/p>\n","protected":false},"featured_media":14953,"template":"","meta":{"om_disable_all_campaigns":false,"_monsterinsights_skip_tracking":false,"_monsterinsights_sitenote_active":false,"_monsterinsights_sitenote_note":"","_monsterinsights_sitenote_category":0},"product_cat":[383,353],"product_tag":[],"aioseo_notices":[],"lang":"es","translations":{"es":14949},"pll_sync_post":[],"_links":{"self":[{"href":"https:\/\/www.dosacordes.es\/web\/wp-json\/wp\/v2\/product\/14949"}],"collection":[{"href":"https:\/\/www.dosacordes.es\/web\/wp-json\/wp\/v2\/product"}],"about":[{"href":"https:\/\/www.dosacordes.es\/web\/wp-json\/wp\/v2\/types\/product"}],"wp:featuredmedia":[{"embeddable":true,"href":"https:\/\/www.dosacordes.es\/web\/wp-json\/wp\/v2\/media\/14953"}],"wp:attachment":[{"href":"https:\/\/www.dosacordes.es\/web\/wp-json\/wp\/v2\/media?parent=14949"}],"wp:term":[{"taxonomy":"product_cat","embeddable":true,"href":"https:\/\/www.dosacordes.es\/web\/wp-json\/wp\/v2\/product_cat?post=14949"},{"taxonomy":"product_tag","embeddable":true,"href":"https:\/\/www.dosacordes.es\/web\/wp-json\/wp\/v2\/product_tag?post=14949"}],"curies":[{"name":"wp","href":"https:\/\/api.w.org\/{rel}","templated":true}]}}