{"id":14721,"date":"2025-05-19T13:56:43","date_gmt":"2025-05-19T11:56:43","guid":{"rendered":"https:\/\/www.dosacordes.es\/web\/?post_type=product&#038;p=14721"},"modified":"2025-06-23T17:34:00","modified_gmt":"2025-06-23T15:34:00","slug":"mar-de-estio-banda","status":"publish","type":"product","link":"https:\/\/www.dosacordes.es\/web\/producto\/mar-de-estio-banda\/","title":{"rendered":"Mar de est\u00edo, concertino para arpa y banda sinf\u00f3nica"},"content":{"rendered":"","protected":false},"excerpt":{"rendered":"<h5>Juan Bern\u00e1 P\u00e9rez<\/h5>\n<p>Partitura y partes instrumentales para banda sinf\u00f3nica (<a href=\"https:\/\/www.dosacordes.es\/web\/producto\/mar-de-estio-reduccion\/\">disponible una reducci\u00f3n para arpa y piano<\/a>).<\/p>\n<p><strong>Edici\u00f3n digital en pdf (descarga directa).<\/strong><\/p>\n<p><em>Mar de est\u00edo: Concertino para arpa y banda sinf\u00f3nica<\/em> se divide en cuatro movimientos encadenados de dos en dos: \u00abEspumas\u00bb y \u00abZarabanda da L\u00faa\u00bb; \u00abReflexos\u00bb y \u00abFoliada\u00bb. El compositor alicantino Juan Bern\u00e1 P\u00e9rez compone esta pieza imitando en el arpa y la banda los movimientos del oleaje gallego. \u00abEspumas\u00bb, mediante reguladores y cambios repentinos de orquestaci\u00f3n, ser\u00e1 el mar en su esencia; en la \u00abZarabanda da L\u00faa\u00bb, el arpa es la luna que danza libremente con el mar (la banda); \u00abReflexos\u00bb hace referencia a lo cristalino, lo pulcro, el fulgor de los rayos del sol emergiendo del horizonte; \u00abFoliada\u00bb, la fiesta en la aldea que se incrementa hasta el mediod\u00eda y que se desarrolla sobre una conocida melod\u00eda tradicional de la localidad de Noia.<\/p>\n[audio mp3=\"https:\/\/www.dosacordes.es\/web\/wp-content\/uploads\/2025\/05\/Mar-de-estio-banda.mp3\"][\/audio]\n<p>&nbsp;<\/p>\n","protected":false},"featured_media":14723,"template":"","meta":{"om_disable_all_campaigns":false,"_monsterinsights_skip_tracking":false,"_monsterinsights_sitenote_active":false,"_monsterinsights_sitenote_note":"","_monsterinsights_sitenote_category":0},"product_cat":[349,635],"product_tag":[],"aioseo_notices":[],"lang":"es","translations":{"es":14721},"pll_sync_post":[],"_links":{"self":[{"href":"https:\/\/www.dosacordes.es\/web\/wp-json\/wp\/v2\/product\/14721"}],"collection":[{"href":"https:\/\/www.dosacordes.es\/web\/wp-json\/wp\/v2\/product"}],"about":[{"href":"https:\/\/www.dosacordes.es\/web\/wp-json\/wp\/v2\/types\/product"}],"wp:featuredmedia":[{"embeddable":true,"href":"https:\/\/www.dosacordes.es\/web\/wp-json\/wp\/v2\/media\/14723"}],"wp:attachment":[{"href":"https:\/\/www.dosacordes.es\/web\/wp-json\/wp\/v2\/media?parent=14721"}],"wp:term":[{"taxonomy":"product_cat","embeddable":true,"href":"https:\/\/www.dosacordes.es\/web\/wp-json\/wp\/v2\/product_cat?post=14721"},{"taxonomy":"product_tag","embeddable":true,"href":"https:\/\/www.dosacordes.es\/web\/wp-json\/wp\/v2\/product_tag?post=14721"}],"curies":[{"name":"wp","href":"https:\/\/api.w.org\/{rel}","templated":true}]}}