{"id":14600,"date":"2025-03-06T13:05:29","date_gmt":"2025-03-06T12:05:29","guid":{"rendered":"https:\/\/www.dosacordes.es\/web\/?post_type=product&#038;p=14600"},"modified":"2025-03-06T13:31:24","modified_gmt":"2025-03-06T12:31:24","slug":"soutullo-a-4-mans","status":"publish","type":"product","link":"https:\/\/www.dosacordes.es\/web\/producto\/soutullo-a-4-mans\/","title":{"rendered":"Soutullo a 4 mans"},"content":{"rendered":"","protected":false},"excerpt":{"rendered":"<h4>Arabesca &#8211; Mazurka &#8211; Jota &#8211; Puenteareas<\/h4>\n<h5>Reveriano Soutullo<\/h5>\n<h6>Transcrici\u00f3ns: Pablo Rodr\u00edguez Fern\u00e1ndez<\/h6>\n<p>A m\u00fasica para piano de Reveriano Soutullo enc\u00e1drase dentro dos tipos propios do sal\u00f3n burgu\u00e9s de <em>fin de si\u00e9cle<\/em>. Est\u00e1 composta fundamentalmente de danzas \u2014os aristocr\u00e1ticos valses e mazurcas; outras populares e desenvoltas, como o chotis ou o fox-trot; e hai tam\u00e9n espazo para a m\u00fasica tradicional galega e da Iberia, a trav\u00e9s das mui\u00f1eiras ou as xotas\u2014, que se mesturan \u00e1s veces formando pequenas colecci\u00f3ns de pezas, pero en calquera caso amosa sempre o fino sentido mel\u00f3dico que caracterizou este gran compositor de zarzuelas.<\/p>\n","protected":false},"featured_media":14601,"template":"","meta":{"om_disable_all_campaigns":false,"_monsterinsights_skip_tracking":false,"_monsterinsights_sitenote_active":false,"_monsterinsights_sitenote_note":"","_monsterinsights_sitenote_category":0},"product_cat":[355,353],"product_tag":[],"aioseo_notices":[],"lang":"es","translations":{"es":14600},"pll_sync_post":[],"_links":{"self":[{"href":"https:\/\/www.dosacordes.es\/web\/wp-json\/wp\/v2\/product\/14600"}],"collection":[{"href":"https:\/\/www.dosacordes.es\/web\/wp-json\/wp\/v2\/product"}],"about":[{"href":"https:\/\/www.dosacordes.es\/web\/wp-json\/wp\/v2\/types\/product"}],"wp:featuredmedia":[{"embeddable":true,"href":"https:\/\/www.dosacordes.es\/web\/wp-json\/wp\/v2\/media\/14601"}],"wp:attachment":[{"href":"https:\/\/www.dosacordes.es\/web\/wp-json\/wp\/v2\/media?parent=14600"}],"wp:term":[{"taxonomy":"product_cat","embeddable":true,"href":"https:\/\/www.dosacordes.es\/web\/wp-json\/wp\/v2\/product_cat?post=14600"},{"taxonomy":"product_tag","embeddable":true,"href":"https:\/\/www.dosacordes.es\/web\/wp-json\/wp\/v2\/product_tag?post=14600"}],"curies":[{"name":"wp","href":"https:\/\/api.w.org\/{rel}","templated":true}]}}