{"id":14119,"date":"2017-09-23T18:45:05","date_gmt":"2017-09-23T18:45:05","guid":{"rendered":"https:\/\/www.dosacordes.es\/web\/?post_type=product&#038;p=14119"},"modified":"2024-11-06T23:27:18","modified_gmt":"2024-11-06T22:27:18","slug":"isaac-albeniz-rumores-de-la-caleta-malaguena-transcribed-for-marimba","status":"publish","type":"product","link":"https:\/\/www.dosacordes.es\/web\/en\/producto\/isaac-albeniz-rumores-de-la-caleta-malaguena-transcribed-for-marimba\/","title":{"rendered":"Isaac Alb\u00e9niz: Rumores de la Caleta: Malague\u00f1a, transcribed for marimba"},"content":{"rendered":"","protected":false},"excerpt":{"rendered":"<p><strong>Isaac Alb\u00e9niz; Transcribed by \u00c1lvaro Jurado Garc\u00eda<\/strong><\/p>\n<p>This edition is the marimba version of the work <em>Rumores de la Caleta: Malague\u00f1a <\/em>(originally wrote for piano) by the renowned Spanish nationalist composer Isaac Alb\u00e9niz. Transcribed by \u00c1lvaro Jurado, Percussion Teacher at the Conservatorio Profesional \u2018Maestro Chicano Mu\u00f1oz\u2019 (Lucena, C\u00f3rdoba), it joins the trend of editions for the marimba and intends to provide it with a wide and diverse repertoire.<\/p>\n","protected":false},"featured_media":7510,"template":"","meta":{"om_disable_all_campaigns":false,"_monsterinsights_skip_tracking":false,"_monsterinsights_sitenote_active":false,"_monsterinsights_sitenote_note":"","_monsterinsights_sitenote_category":0},"product_cat":[4046],"product_tag":[],"aioseo_notices":[],"lang":"en","translations":{"en":14119,"es":3560},"pll_sync_post":[],"_links":{"self":[{"href":"https:\/\/www.dosacordes.es\/web\/wp-json\/wp\/v2\/product\/14119"}],"collection":[{"href":"https:\/\/www.dosacordes.es\/web\/wp-json\/wp\/v2\/product"}],"about":[{"href":"https:\/\/www.dosacordes.es\/web\/wp-json\/wp\/v2\/types\/product"}],"wp:featuredmedia":[{"embeddable":true,"href":"https:\/\/www.dosacordes.es\/web\/wp-json\/wp\/v2\/media\/7510"}],"wp:attachment":[{"href":"https:\/\/www.dosacordes.es\/web\/wp-json\/wp\/v2\/media?parent=14119"}],"wp:term":[{"taxonomy":"product_cat","embeddable":true,"href":"https:\/\/www.dosacordes.es\/web\/wp-json\/wp\/v2\/product_cat?post=14119"},{"taxonomy":"product_tag","embeddable":true,"href":"https:\/\/www.dosacordes.es\/web\/wp-json\/wp\/v2\/product_tag?post=14119"}],"curies":[{"name":"wp","href":"https:\/\/api.w.org\/{rel}","templated":true}]}}