{"id":14111,"date":"2014-01-16T19:12:12","date_gmt":"2014-01-16T19:12:12","guid":{"rendered":"https:\/\/www.dosacordes.es\/web\/?post_type=product&#038;p=14111"},"modified":"2024-11-06T23:11:48","modified_gmt":"2024-11-06T22:11:48","slug":"rodrigoniana-for-solo-guitar","status":"publish","type":"product","link":"https:\/\/www.dosacordes.es\/web\/en\/producto\/rodrigoniana-for-solo-guitar\/","title":{"rendered":"Rodrigoniana for solo guitar"},"content":{"rendered":"<p><strong>David Cuevas S\u00e1nchez<\/strong><\/p>\n<p>David Cuevas S\u00e1nchez, Composition Professor in the Conservatorio Superior de M\u00fasica de Vigo, approaches in this work the contemporary repertoire for guitar as a tribute to the Spanish Composers Pedro Jes\u00fas G\u00f3mez and to Joaqu\u00edn Rodrigo Vidre, Maestro Rodrigo, after whom the work is named.<\/p>\n","protected":false},"excerpt":{"rendered":"<p>David Cuevas S\u00e1nchez David Cuevas S\u00e1nchez, Composition Professor in the Conservatorio Superior de M\u00fasica de Vigo, approaches in this work the contemporary repertoire for guitar as a tribute to the Spanish Composers Pedro Jes\u00fas G\u00f3mez and to Joaqu\u00edn Rodrigo Vidre, Maestro Rodrigo, after whom the work is named.<\/p>\n","protected":false},"featured_media":3503,"template":"","meta":{"om_disable_all_campaigns":false,"_monsterinsights_skip_tracking":false,"_monsterinsights_sitenote_active":false,"_monsterinsights_sitenote_note":"","_monsterinsights_sitenote_category":0},"product_cat":[4040],"product_tag":[],"aioseo_notices":[],"lang":"en","translations":{"en":14111,"es":3502},"pll_sync_post":[],"_links":{"self":[{"href":"https:\/\/www.dosacordes.es\/web\/wp-json\/wp\/v2\/product\/14111"}],"collection":[{"href":"https:\/\/www.dosacordes.es\/web\/wp-json\/wp\/v2\/product"}],"about":[{"href":"https:\/\/www.dosacordes.es\/web\/wp-json\/wp\/v2\/types\/product"}],"wp:featuredmedia":[{"embeddable":true,"href":"https:\/\/www.dosacordes.es\/web\/wp-json\/wp\/v2\/media\/3503"}],"wp:attachment":[{"href":"https:\/\/www.dosacordes.es\/web\/wp-json\/wp\/v2\/media?parent=14111"}],"wp:term":[{"taxonomy":"product_cat","embeddable":true,"href":"https:\/\/www.dosacordes.es\/web\/wp-json\/wp\/v2\/product_cat?post=14111"},{"taxonomy":"product_tag","embeddable":true,"href":"https:\/\/www.dosacordes.es\/web\/wp-json\/wp\/v2\/product_tag?post=14111"}],"curies":[{"name":"wp","href":"https:\/\/api.w.org\/{rel}","templated":true}]}}