{"id":14110,"date":"2016-07-24T18:03:16","date_gmt":"2016-07-24T16:03:16","guid":{"rendered":"https:\/\/www.dosacordes.es\/web\/?post_type=product&#038;p=14110"},"modified":"2024-11-06T23:10:01","modified_gmt":"2024-11-06T22:10:01","slug":"violetas-waltzes-for-two-guitars","status":"publish","type":"product","link":"https:\/\/www.dosacordes.es\/web\/en\/producto\/violetas-waltzes-for-two-guitars\/","title":{"rendered":"Violetas: waltzes for two guitars"},"content":{"rendered":"<p><strong>Jos\u00e9 Fern\u00e1ndez Vide<\/strong><\/p>\n<p>Jos\u00e9 Fern\u00e1ndez Vide (known as \u00abMaestro Vide\u00bb), outstanding Galician composer, wrote a wide variety of works: for piano, for voice and piano, for band, for orchestra\u2026, as well as choral music, two notable Galician <em>zarzuelas <\/em>and a great number of pieces belonging to the salon music genre.<\/p>\n<p>The Diputaci\u00f3n Provincial de Ourense (Galicia) has published three books that compile his entire pianistic production (first volume), his songs (second volume) and his choral music (third volume). They are working on the publication of a fourth volume containing his <em>zarzuelas<\/em>.<\/p>\n<p>This edition, which belongs to the series Agra Vella, within the collection <em>Ars Gallaeciae Musicae<\/em> that Dos Acordes co-publishes with the Galician Agency for Cultural Industries (AGADIC) of the Xunta de Galicia, has been transcribed and revised by Javier Jurado. <em>Violetas<\/em> consists of a short introduction followed by three independent waltzes, plus a coda, which is actually an extract from the first waltz, the end of the introduction and the third waltz. The lack of complexity of the form and its simple sonority and clear rhythm make this work a very pleasing piece with well-defined and cantabile melodic lines; a clear example of the character of Vide&#8217;s compositions.<\/p>\n<p>It is worth highlighting the importance of this edition as a sample of the salon music of the first half of the 20<sup>th<\/sup> century, as well as its interest within the scarce production for guitar by Galician composers.<\/p>\n<p>This work has been recorded by Samuel Diz and Fernando P\u00e9rez Fern\u00e1ndez.<\/p>\n","protected":false},"excerpt":{"rendered":"<p>Jos\u00e9 Fern\u00e1ndez Vide Jos\u00e9 Fern\u00e1ndez Vide (known as \u00abMaestro Vide\u00bb), outstanding Galician composer, wrote a wide variety of works: for piano, for voice and piano, for band, for orchestra\u2026, as well as choral music, two notable Galician zarzuelas and a great number of pieces belonging to the salon music genre. The Diputaci\u00f3n Provincial de Ourense [&hellip;]<\/p>\n","protected":false},"featured_media":3435,"template":"","meta":{"om_disable_all_campaigns":false,"_monsterinsights_skip_tracking":false,"_monsterinsights_sitenote_active":false,"_monsterinsights_sitenote_note":"","_monsterinsights_sitenote_category":0},"product_cat":[4040],"product_tag":[],"aioseo_notices":[],"lang":"en","translations":{"en":14110,"es":3434},"pll_sync_post":[],"_links":{"self":[{"href":"https:\/\/www.dosacordes.es\/web\/wp-json\/wp\/v2\/product\/14110"}],"collection":[{"href":"https:\/\/www.dosacordes.es\/web\/wp-json\/wp\/v2\/product"}],"about":[{"href":"https:\/\/www.dosacordes.es\/web\/wp-json\/wp\/v2\/types\/product"}],"wp:featuredmedia":[{"embeddable":true,"href":"https:\/\/www.dosacordes.es\/web\/wp-json\/wp\/v2\/media\/3435"}],"wp:attachment":[{"href":"https:\/\/www.dosacordes.es\/web\/wp-json\/wp\/v2\/media?parent=14110"}],"wp:term":[{"taxonomy":"product_cat","embeddable":true,"href":"https:\/\/www.dosacordes.es\/web\/wp-json\/wp\/v2\/product_cat?post=14110"},{"taxonomy":"product_tag","embeddable":true,"href":"https:\/\/www.dosacordes.es\/web\/wp-json\/wp\/v2\/product_tag?post=14110"}],"curies":[{"name":"wp","href":"https:\/\/api.w.org\/{rel}","templated":true}]}}