{"id":13359,"date":"2023-04-22T10:04:05","date_gmt":"2023-04-22T08:04:05","guid":{"rendered":"https:\/\/www.dosacordes.es\/web\/?post_type=product&#038;p=13359"},"modified":"2025-08-25T16:23:09","modified_gmt":"2025-08-25T14:23:09","slug":"lico-jimenez-hommage","status":"publish","type":"product","link":"https:\/\/www.dosacordes.es\/web\/producto\/lico-jimenez-hommage\/","title":{"rendered":"Hommage"},"content":{"rendered":"","protected":false},"excerpt":{"rendered":"<h3><em>para piano<br \/>\n<\/em><\/h3>\n<h5>Lico Jim\u00e9nez<\/h5>\n<p><strong>Edici\u00f3n de Isidro L\u00e1zaro Betancourt Ben\u00edtez<br \/>\n<\/strong><\/p>\n<ul>\n<li>Eleg\u00eda<\/li>\n<li>M\u00e9lodie (hommage a Milan\u00e9s)<\/li>\n<li>Valse caprice<\/li>\n<\/ul>\n<p>Piezas para piano de Lico Jim\u00e9nez editadas por Isidro Betancourt, graduado en canto por el Conservatorio Superior de M\u00fasica de Vigo, fue cantor del Coro Nacional de Cuba, de la Schola Cantorum Coralina y del cabaret Tropicana. Actualmente compagina su labor docente en el Conservatorio Mayeusis con la direcci\u00f3n art\u00edstica de varios coros y la investigaci\u00f3n sobre la vida y obra de Lico Jim\u00e9nez.<\/p>\n","protected":false},"featured_media":13360,"template":"","meta":{"om_disable_all_campaigns":false,"_monsterinsights_skip_tracking":false,"_monsterinsights_sitenote_active":false,"_monsterinsights_sitenote_note":"","_monsterinsights_sitenote_category":0},"product_cat":[353,634],"product_tag":[],"aioseo_notices":[],"lang":"es","translations":{"es":13359},"pll_sync_post":[],"_links":{"self":[{"href":"https:\/\/www.dosacordes.es\/web\/wp-json\/wp\/v2\/product\/13359"}],"collection":[{"href":"https:\/\/www.dosacordes.es\/web\/wp-json\/wp\/v2\/product"}],"about":[{"href":"https:\/\/www.dosacordes.es\/web\/wp-json\/wp\/v2\/types\/product"}],"wp:featuredmedia":[{"embeddable":true,"href":"https:\/\/www.dosacordes.es\/web\/wp-json\/wp\/v2\/media\/13360"}],"wp:attachment":[{"href":"https:\/\/www.dosacordes.es\/web\/wp-json\/wp\/v2\/media?parent=13359"}],"wp:term":[{"taxonomy":"product_cat","embeddable":true,"href":"https:\/\/www.dosacordes.es\/web\/wp-json\/wp\/v2\/product_cat?post=13359"},{"taxonomy":"product_tag","embeddable":true,"href":"https:\/\/www.dosacordes.es\/web\/wp-json\/wp\/v2\/product_tag?post=13359"}],"curies":[{"name":"wp","href":"https:\/\/api.w.org\/{rel}","templated":true}]}}