{"id":12778,"date":"2024-05-09T10:26:42","date_gmt":"2024-05-09T08:26:42","guid":{"rendered":"https:\/\/www.dosacordes.es\/web\/?post_type=product&#038;p=12778"},"modified":"2024-08-12T11:05:21","modified_gmt":"2024-08-12T09:05:21","slug":"a-mansion-dos-anxos","status":"publish","type":"product","link":"https:\/\/www.dosacordes.es\/web\/producto\/a-mansion-dos-anxos\/","title":{"rendered":"A mansi\u00f3n dos anxos"},"content":{"rendered":"","protected":false},"excerpt":{"rendered":"<h5>M\u00fasica de Sal\u00f3n de compositores pontevedreses do XIX e XX<\/h5>\n<h6>Alejo Amoedo, piano<\/h6>\n<p>Alejo Amoedo presenta neste LP, nun formato f\u00edsico de disco de vinilo de 12 polgadas, un novo achegamento \u2014na s\u00faa dobre faceta de int\u00e9rprete e investigador\u2014 \u00e1 m\u00fasica de sal\u00f3n galega para piano.<br \/>\nO x\u00e9nero da m\u00fasica de sal\u00f3n ocupou un lugar privilexiado no rexurdimento musical galego producido desde a segunda metade do s\u00e9culo XIX, no que os autores, partindo dos modelos europeos tanto acad\u00e9micos como populares, definiron paulatinamente unha m\u00fasica con caracter\u00edsticas propias.<br \/>\nEste disco presenta unha panor\u00e1mica xeral da produci\u00f3n de sal\u00f3n de diversos autores da contorna das R\u00edas Baixas, que abarca un marco temporal de aproximadamente tres d\u00e9cadas, coincidentes co per\u00edodo culturalmente significativo para a toda cultura europea do <em>fin de si\u00e8cle<\/em>.<\/p>\n<p><strong>O disco incl\u00fae os c\u00f3digos QR para a descarga gratuita das pezas en formato .wav de alta calidade, que pode ser reproducido noutros dispositivos.<\/strong><\/p>\n<p><em>Se queres o disco dedicado por Alejo Amoedo, indica o texto da dedicatoria nas observaci\u00f3ns \u00f3 realizar a t\u00faa compra.<\/em><\/p>\n","protected":false},"featured_media":12780,"template":"","meta":{"om_disable_all_campaigns":false,"_monsterinsights_skip_tracking":false,"_monsterinsights_sitenote_active":false,"_monsterinsights_sitenote_note":"","_monsterinsights_sitenote_category":0},"product_cat":[350],"product_tag":[],"aioseo_notices":[],"lang":"es","translations":{"es":12778},"pll_sync_post":[],"_links":{"self":[{"href":"https:\/\/www.dosacordes.es\/web\/wp-json\/wp\/v2\/product\/12778"}],"collection":[{"href":"https:\/\/www.dosacordes.es\/web\/wp-json\/wp\/v2\/product"}],"about":[{"href":"https:\/\/www.dosacordes.es\/web\/wp-json\/wp\/v2\/types\/product"}],"wp:featuredmedia":[{"embeddable":true,"href":"https:\/\/www.dosacordes.es\/web\/wp-json\/wp\/v2\/media\/12780"}],"wp:attachment":[{"href":"https:\/\/www.dosacordes.es\/web\/wp-json\/wp\/v2\/media?parent=12778"}],"wp:term":[{"taxonomy":"product_cat","embeddable":true,"href":"https:\/\/www.dosacordes.es\/web\/wp-json\/wp\/v2\/product_cat?post=12778"},{"taxonomy":"product_tag","embeddable":true,"href":"https:\/\/www.dosacordes.es\/web\/wp-json\/wp\/v2\/product_tag?post=12778"}],"curies":[{"name":"wp","href":"https:\/\/api.w.org\/{rel}","templated":true}]}}