{"id":12740,"date":"2024-04-16T11:50:58","date_gmt":"2024-04-16T09:50:58","guid":{"rendered":"https:\/\/www.dosacordes.es\/web\/?post_type=product&#038;p=12740"},"modified":"2025-10-09T23:07:39","modified_gmt":"2025-10-09T21:07:39","slug":"cancions-galegas-vol-1","status":"publish","type":"product","link":"https:\/\/www.dosacordes.es\/web\/producto\/cancions-galegas-vol-1\/","title":{"rendered":"Canci\u00f3ns galegas do Festival de Pontevedra, vol. 1"},"content":{"rendered":"","protected":false},"excerpt":{"rendered":"<h5>Carme Tub\u00edo Barreira e Carlos Villar-Taboada (eds.)<\/h5>\n<p>Este volume de <em>Canci\u00f3ns galegas do Festival de Pontevedra<\/em> recolle unha primeira parte das obras xurdidas con motivo do Festival de la Canci\u00f3n Gallega de Pontevedra celebrado entre os anos 1960 e 1967, como parte da labor de promoci\u00f3n da canci\u00f3n de concerto en lingua galega levada a cabo polo cr\u00edtico Antonio Fern\u00e1ndez-Cid.<\/p>\n<p>O principal atractivo deste repertorio consiste en que implicou a alg\u00fans dos m\u00e1is destacados compositores espa\u00f1oles do s\u00e9culo XX (como Joaqu\u00edn Rodrigo, Julio G\u00f3mez, \u00d3scar Espl\u00e1, Xavier Montsalvatge o Frederic Mompou, entre outros), ademais de incorporar tam\u00e9n a autores portugueses e latinoamericanos. Todos musicaron poemas escritos por grandes nomes da literatura galega, entre os que se atopan Rosal\u00eda de Castro, Eduardo Blanco Amor, Ram\u00f3n Cabanillas ou Vicente Risco. Este primeiro volume incl\u00fae:<\/p>\n<ul>\n<li><em>Ronsel Gallego<\/em>, de Manuel Parada<\/li>\n<li><em>Cantar de lavandeira<\/em>, de Llu\u00eds Mar\u00eda Millet<\/li>\n<li><em>Tres Galaicas<\/em>, de Jos\u00e9 Buenagu<\/li>\n<\/ul>\n","protected":false},"featured_media":12741,"template":"","meta":{"om_disable_all_campaigns":false,"_monsterinsights_skip_tracking":false,"_monsterinsights_sitenote_active":false,"_monsterinsights_sitenote_note":"","_monsterinsights_sitenote_category":0},"product_cat":[355,353,360],"product_tag":[],"aioseo_notices":[],"lang":"es","translations":{"es":12740},"pll_sync_post":[],"_links":{"self":[{"href":"https:\/\/www.dosacordes.es\/web\/wp-json\/wp\/v2\/product\/12740"}],"collection":[{"href":"https:\/\/www.dosacordes.es\/web\/wp-json\/wp\/v2\/product"}],"about":[{"href":"https:\/\/www.dosacordes.es\/web\/wp-json\/wp\/v2\/types\/product"}],"wp:featuredmedia":[{"embeddable":true,"href":"https:\/\/www.dosacordes.es\/web\/wp-json\/wp\/v2\/media\/12741"}],"wp:attachment":[{"href":"https:\/\/www.dosacordes.es\/web\/wp-json\/wp\/v2\/media?parent=12740"}],"wp:term":[{"taxonomy":"product_cat","embeddable":true,"href":"https:\/\/www.dosacordes.es\/web\/wp-json\/wp\/v2\/product_cat?post=12740"},{"taxonomy":"product_tag","embeddable":true,"href":"https:\/\/www.dosacordes.es\/web\/wp-json\/wp\/v2\/product_tag?post=12740"}],"curies":[{"name":"wp","href":"https:\/\/api.w.org\/{rel}","templated":true}]}}