{"id":12445,"date":"2023-12-15T13:26:16","date_gmt":"2023-12-15T11:26:16","guid":{"rendered":"https:\/\/www.dosacordes.es\/web\/?post_type=product&#038;p=12445"},"modified":"2024-12-27T11:39:24","modified_gmt":"2024-12-27T10:39:24","slug":"album-de-guitarra-galega-vol-3-nivel-avancado","status":"publish","type":"product","link":"https:\/\/www.dosacordes.es\/web\/producto\/album-de-guitarra-galega-vol-3-nivel-avancado\/","title":{"rendered":"\u00c1lbum de guitarra galega, vol. 3: N\u00edvel avan\u00e7ado"},"content":{"rendered":"","protected":false},"excerpt":{"rendered":"<h5>Isabel Rei Samartim<\/h5>\n<p>O <em>\u00c1lbum de Guitarra Galega. N\u00edvel avan\u00e7ado<\/em> \u00e9 o terceiro \u00e1lbum desta s\u00e9rie de publica\u00e7\u00f5es das partituras para guitarra dos fundos musicais galegos. O primeiro volume, <em>\u00c1lbum de Guitarra Galega. N\u00edvel b\u00e1sico<\/em>, foi publicado pela editora Dos Acordes em novembro de 2022. O segundo volume, <em>\u00c1lbum de Guitarra Galega. N\u00edvel m\u00e9dio<\/em>, saiu na mesma editora em maio de 2023. E agora apresenta-se este terceiro volume com obras escolhidas de n\u00edvel avan\u00e7ado que s\u00e3o alguns exemplos do tipo de m\u00fasica que se interpretava na Galiza entre os s\u00e9culos XVIII e XIX.<\/p>\n<p>The <em>Galizan Guitar Album. Advanced Level<\/em> is the third album in this series of publications of Galizan sheet music for guitar. The first volume, <em>\u00c1lbum de Guitarra Galega. Basic Level,<\/em> was published by Dos Acordes in November 2022. The second volume, <em>\u00c1lbum de Guitarra Galega. Medium Level<\/em>, was<br \/>\npublished by the same publisher in May 2023. And now this third volume, <em>\u00c1lbum de Guitarra Galega. Advanced Level<\/em>, is presented with selected works that are some examples of the type of music that wasperformed in Galiza between the 18th and 19th centuries.<\/p>\n<p>Este <em>\u00c1lbum de Guitarra Galega. N\u00edvel avan\u00e7ado<\/em> es el tercer \u00e1lbum de esta serie de publicaciones de las partituras para guitarra de los fondos musicales gallegos. El primer volumen, <em>\u00c1lbum de Guitarra Galega. N\u00edvel b\u00e1sico<\/em>, fue publicado por Dos Acordes en noviembre de 2022. El segundo volumen, <em>\u00c1lbum de Guitarra Galega. N\u00edvel m\u00e9dio<\/em>, fue publicado por la misma editorial en mayo de 2023. Y ahora presentamos este tercer volumen con obras escogidas de nivel avanzado que son algunos ejemplos del tipo de m\u00fasica que se interpretaba en Galicia entre los siglos XVIII y XIX.<\/p>\n","protected":false},"featured_media":12447,"template":"","meta":{"om_disable_all_campaigns":false,"_monsterinsights_skip_tracking":false,"_monsterinsights_sitenote_active":false,"_monsterinsights_sitenote_note":"","_monsterinsights_sitenote_category":0},"product_cat":[361],"product_tag":[],"aioseo_notices":[],"lang":"es","translations":{"es":12445,"en":14100},"pll_sync_post":[],"_links":{"self":[{"href":"https:\/\/www.dosacordes.es\/web\/wp-json\/wp\/v2\/product\/12445"}],"collection":[{"href":"https:\/\/www.dosacordes.es\/web\/wp-json\/wp\/v2\/product"}],"about":[{"href":"https:\/\/www.dosacordes.es\/web\/wp-json\/wp\/v2\/types\/product"}],"wp:featuredmedia":[{"embeddable":true,"href":"https:\/\/www.dosacordes.es\/web\/wp-json\/wp\/v2\/media\/12447"}],"wp:attachment":[{"href":"https:\/\/www.dosacordes.es\/web\/wp-json\/wp\/v2\/media?parent=12445"}],"wp:term":[{"taxonomy":"product_cat","embeddable":true,"href":"https:\/\/www.dosacordes.es\/web\/wp-json\/wp\/v2\/product_cat?post=12445"},{"taxonomy":"product_tag","embeddable":true,"href":"https:\/\/www.dosacordes.es\/web\/wp-json\/wp\/v2\/product_tag?post=12445"}],"curies":[{"name":"wp","href":"https:\/\/api.w.org\/{rel}","templated":true}]}}