{"id":12358,"date":"2023-11-13T08:00:38","date_gmt":"2023-11-13T06:00:38","guid":{"rendered":"https:\/\/www.dosacordes.es\/web\/?post_type=product&#038;p=12358"},"modified":"2026-03-11T11:23:22","modified_gmt":"2026-03-11T10:23:22","slug":"temario-de-orquesta","status":"publish","type":"product","link":"https:\/\/www.dosacordes.es\/web\/producto\/temario-de-orquesta\/","title":{"rendered":"Temario de Orquesta"},"content":{"rendered":"","protected":false},"excerpt":{"rendered":"<h5>Javier Viceiro Filgueira, Mateo Iglesias Seoane, Javier Jurado Luque, \u00c1lvaro Jurado Garc\u00eda, Ana Rif\u00f3n Lastra, Equipo docente de Dos Acordes<\/h5>\n<p>Correspondiente al Cuerpo de Profesores de M\u00fasica y Artes Esc\u00e9nicas. Seg\u00fan Orden ECD\/1753\/2015, de 25 de agosto, por la que se aprueban los temarios que han de regir en los procedimientos de ingreso, acceso y adquisici\u00f3n de nuevas especialidades en el Cuerpo de Profesores de M\u00fasica y Artes Esc\u00e9nicas (BOE del 28 de agosto de 2015).<\/p>\n","protected":false},"featured_media":12371,"template":"","meta":{"om_disable_all_campaigns":false,"_monsterinsights_skip_tracking":false,"_monsterinsights_sitenote_active":false,"_monsterinsights_sitenote_note":"","_monsterinsights_sitenote_category":0},"product_cat":[387,640],"product_tag":[],"aioseo_notices":[],"lang":"es","translations":{"es":12358},"pll_sync_post":[],"_links":{"self":[{"href":"https:\/\/www.dosacordes.es\/web\/wp-json\/wp\/v2\/product\/12358"}],"collection":[{"href":"https:\/\/www.dosacordes.es\/web\/wp-json\/wp\/v2\/product"}],"about":[{"href":"https:\/\/www.dosacordes.es\/web\/wp-json\/wp\/v2\/types\/product"}],"wp:featuredmedia":[{"embeddable":true,"href":"https:\/\/www.dosacordes.es\/web\/wp-json\/wp\/v2\/media\/12371"}],"wp:attachment":[{"href":"https:\/\/www.dosacordes.es\/web\/wp-json\/wp\/v2\/media?parent=12358"}],"wp:term":[{"taxonomy":"product_cat","embeddable":true,"href":"https:\/\/www.dosacordes.es\/web\/wp-json\/wp\/v2\/product_cat?post=12358"},{"taxonomy":"product_tag","embeddable":true,"href":"https:\/\/www.dosacordes.es\/web\/wp-json\/wp\/v2\/product_tag?post=12358"}],"curies":[{"name":"wp","href":"https:\/\/api.w.org\/{rel}","templated":true}]}}