{"id":12298,"date":"2023-09-26T11:50:59","date_gmt":"2023-09-26T09:50:59","guid":{"rendered":"https:\/\/www.dosacordes.es\/web\/?post_type=product&#038;p=12298"},"modified":"2023-09-26T12:16:52","modified_gmt":"2023-09-26T10:16:52","slug":"vide-ao-acordeon","status":"publish","type":"product","link":"https:\/\/www.dosacordes.es\/web\/producto\/vide-ao-acordeon\/","title":{"rendered":"Vide ao acorde\u00f3n"},"content":{"rendered":"","protected":false},"excerpt":{"rendered":"<h5>Pezas do Mestre Vide<\/h5>\n<h6>arranxadas para acorde\u00f3n por<br \/>\nCelia Adri\u00e1n Rodr\u00edguez<\/h6>\n<p>Neste libro pres\u00e9ntanse un conxunto de pezas que parten da edici\u00f3n da obra do Mestre Vide realizada polo profesor Javier Jurado para a Deputaci\u00f3n Provincial de Ourense, posteriormente ampliada na s\u00faa segunda tese de doutoramento, dedicada a este compositor. Partindo da integral recollida al\u00ed, a profesora Celia Adri\u00e1n Rodr\u00edguez adaptou unha selecci\u00f3n de pezas pian\u00edsticas para acorde\u00f3n, obtendo un material de gran interese tanto musical como pedag\u00f3xico. As versi\u00f3ns aqu\u00ed publicadas abarcan un amplo abano de x\u00e9neros: bailable (pasodobres, valses), propios do caf\u00e9 cantante (fox-trot, marcha, galope) e de aires galegos (mui\u00f1eira, alborada).<\/p>\n<p>En este libro se presentan una serie de piezas que parten de la edici\u00f3n de la obra del Maestro Vide realizada por el profesor Javier Jurado para la Diputaci\u00f3n Provincial de Ourense, posteriormente ampliada en su segunda tesis doctoral,<br \/>\ndedicada a este compositor. Partiendo de la integral ah\u00ed recogida, la profesora Celia Adri\u00e1n Rodr\u00edguez<br \/>\nha adaptado para acorde\u00f3n una selecci\u00f3n de piezas pian\u00edsticas, obteniendo un material de gran inter\u00e9s<br \/>\ntanto musical como pedag\u00f3gico. Las versiones aqu\u00ed publicadas abarcan un amplio abanico de g\u00e9neros: bailable (pasodobles, valses),<br \/>\npropios del caf\u00e9 cantante (fox-trot, marcha, galope) y de aires gallegos (mui\u00f1eira, alborada).<\/p>\n","protected":false},"featured_media":12299,"template":"","meta":{"om_disable_all_campaigns":false,"_monsterinsights_skip_tracking":false,"_monsterinsights_sitenote_active":false,"_monsterinsights_sitenote_note":"","_monsterinsights_sitenote_category":0},"product_cat":[358],"product_tag":[],"aioseo_notices":[],"lang":"es","translations":{"es":12298},"pll_sync_post":[],"_links":{"self":[{"href":"https:\/\/www.dosacordes.es\/web\/wp-json\/wp\/v2\/product\/12298"}],"collection":[{"href":"https:\/\/www.dosacordes.es\/web\/wp-json\/wp\/v2\/product"}],"about":[{"href":"https:\/\/www.dosacordes.es\/web\/wp-json\/wp\/v2\/types\/product"}],"wp:featuredmedia":[{"embeddable":true,"href":"https:\/\/www.dosacordes.es\/web\/wp-json\/wp\/v2\/media\/12299"}],"wp:attachment":[{"href":"https:\/\/www.dosacordes.es\/web\/wp-json\/wp\/v2\/media?parent=12298"}],"wp:term":[{"taxonomy":"product_cat","embeddable":true,"href":"https:\/\/www.dosacordes.es\/web\/wp-json\/wp\/v2\/product_cat?post=12298"},{"taxonomy":"product_tag","embeddable":true,"href":"https:\/\/www.dosacordes.es\/web\/wp-json\/wp\/v2\/product_tag?post=12298"}],"curies":[{"name":"wp","href":"https:\/\/api.w.org\/{rel}","templated":true}]}}