{"id":12176,"date":"2023-07-20T09:37:53","date_gmt":"2023-07-20T07:37:53","guid":{"rendered":"https:\/\/www.dosacordes.es\/web\/?post_type=product&#038;p=12176"},"modified":"2023-09-19T16:19:49","modified_gmt":"2023-09-19T14:19:49","slug":"el-miserere-de-la-montana","status":"publish","type":"product","link":"https:\/\/www.dosacordes.es\/web\/producto\/el-miserere-de-la-montana\/","title":{"rendered":"El miserere de la monta\u00f1a"},"content":{"rendered":"","protected":false},"excerpt":{"rendered":"<h5><strong>Poema sinf\u00f3nico sobre la leyenda hom\u00f3nima<\/strong><\/h5>\n<h5>Jos\u00e9 Serrano Sime\u00f3n<\/h5>\n<p><strong>Versi\u00f3n para banda: Ram\u00f3n Ahull\u00f3<\/strong><\/p>\n<p>El poema sinf\u00f3nico <em>El miserere de la monta\u00f1a<\/em>, compuesto por Jos\u00e9 Serrano Sime\u00f3n (1873-1941), constituye una primera aproximaci\u00f3n al entorno sinf\u00f3nico del compositor valenciano durante su etapa localista, a mitad de camino entre su ciudad natal, Sueca y el ambiente musical de la capital del Turia, Valencia.<br \/>\nEn consonancia con la pr\u00e1ctica compositiva de su mentor, Salvador Giner, el joven Serrano emprendi\u00f3 un trabajo creativo que ofrec\u00eda cierta libertad formal, al tiempo que permit\u00eda la experimentaci\u00f3n en el tratamiento tem\u00e1tico.<br \/>\nAdmirador de Gustavo Adolfo B\u00e9cquer, el maestro valenciano eligi\u00f3 una de las leyendas del sevillano para que sirviese de inspiraci\u00f3n y excusara la continua reelaboraci\u00f3n tem\u00e1tica.<br \/>\nLa leyenda <em>El miserere de la monta\u00f1a<\/em>, de B\u00e9cquer, acude a un t\u00f3pico en el entorno sonoro, que es la creaci\u00f3n tem\u00e1tica y su complejidad. En la narraci\u00f3n de B\u00e9cquer, el protagonista es un m\u00fasico obsesionado por la idea de componer una pieza basada en el salmo <em>Miserere<\/em>, que escribiera el rey David para pedir perd\u00f3n por sus pecados. La leyenda de B\u00e9cquer deja la pieza inacabada y, por tanto, sin poderse interpretar.<br \/>\nCasualmente, la pieza del maestro Serrano, hallada entre sus archivos manuscritos (custodiados por su familia), tambi\u00e9n estaba inconclusa. De hecho, no lleg\u00f3 a ser estrenada, a pesar de que el valenciano la llev\u00f3 consigo en su viaje a Madrid y pidi\u00f3 al maestro Giner que intercediese ante Bret\u00f3n para que la estrenase en la Sociedad de Conciertos madrile\u00f1a.<br \/>\nLa tradici\u00f3n band\u00edstica del entorno levantino perpet\u00faa esta pr\u00e1ctica ampliamente extendida: las adaptaciones de piezas orquestales. El propio maestro Giner ha visto interpretados ciertos poemas sinf\u00f3nicos a cargo de las formaciones band\u00edsticas en su entorno.<br \/>\nPor eso, con intenci\u00f3n de ampliar la difusi\u00f3n de la obra del maestro Serrano, presentamos esta adaptaci\u00f3n para banda de <em>El miserere de la monta\u00f1a<\/em>, estrenado el 28 de abril de 2022 por la Banda Municipal de Bilbao, bajo la direcci\u00f3n de Jos\u00e9 Rafael Pascual Vilaplana.<\/p>\n<p><a href=\"https:\/\/www.dosacordes.es\/web\/download\/serrano-simeon-miserere\/\">Descarga aqu\u00ed las partes instrumentales<\/a>.<\/p>\n","protected":false},"featured_media":12168,"template":"","meta":{"om_disable_all_campaigns":false,"_monsterinsights_skip_tracking":false,"_monsterinsights_sitenote_active":false,"_monsterinsights_sitenote_note":"","_monsterinsights_sitenote_category":0},"product_cat":[349],"product_tag":[],"aioseo_notices":[],"lang":"es","translations":{"es":12176},"pll_sync_post":[],"_links":{"self":[{"href":"https:\/\/www.dosacordes.es\/web\/wp-json\/wp\/v2\/product\/12176"}],"collection":[{"href":"https:\/\/www.dosacordes.es\/web\/wp-json\/wp\/v2\/product"}],"about":[{"href":"https:\/\/www.dosacordes.es\/web\/wp-json\/wp\/v2\/types\/product"}],"wp:featuredmedia":[{"embeddable":true,"href":"https:\/\/www.dosacordes.es\/web\/wp-json\/wp\/v2\/media\/12168"}],"wp:attachment":[{"href":"https:\/\/www.dosacordes.es\/web\/wp-json\/wp\/v2\/media?parent=12176"}],"wp:term":[{"taxonomy":"product_cat","embeddable":true,"href":"https:\/\/www.dosacordes.es\/web\/wp-json\/wp\/v2\/product_cat?post=12176"},{"taxonomy":"product_tag","embeddable":true,"href":"https:\/\/www.dosacordes.es\/web\/wp-json\/wp\/v2\/product_tag?post=12176"}],"curies":[{"name":"wp","href":"https:\/\/api.w.org\/{rel}","templated":true}]}}