{"id":12008,"date":"2023-05-11T12:54:29","date_gmt":"2023-05-11T10:54:29","guid":{"rendered":"https:\/\/www.dosacordes.es\/web\/?post_type=product&#038;p=12008"},"modified":"2024-11-06T18:59:18","modified_gmt":"2024-11-06T17:59:18","slug":"album-de-guitarra-galega-vol-2","status":"publish","type":"product","link":"https:\/\/www.dosacordes.es\/web\/producto\/album-de-guitarra-galega-vol-2\/","title":{"rendered":"\u00c1lbum de guitarra galega, vol. 2: N\u00edvel m\u00e9dio"},"content":{"rendered":"","protected":false},"excerpt":{"rendered":"<h5>Isabel Rei Samartim<\/h5>\n<p>Este <em>\u00c1lbum de Guitarra Galega: N\u00edvel m\u00e9dio<\/em> \u00e9 a continua\u00e7\u00e3o da publica\u00e7\u00e3o das partituras para guitarra produto da pesquisa sobre m\u00fasica nos fundos musicais galegos. O primeiro volume, <em>\u00c1lbum de Guitarra Galega<\/em>. N\u00edvel b\u00e1sico, foi publicado por Dos Acordes em novembro de 2022. Agora sai esta continua\u00e7\u00e3o com uma antologia de obras dos fundos galegos apropriadas para o estudo no n\u00edvel de Grau Profissional nas escolas e conservat\u00f3rios de m\u00fasica. As obras escolhidas pertencem ao Fundo Valladares, Museu da Ponte Vedra, Fundo Torres Adalid, Arquivo Canuto Berea, fundos familiares como o de Miguel Varela Suarez, e as obras publicadas no m\u00e9todo do guitarrista compostelano J\u00falio Mirelis Garcia.<\/p>\n<p>This <em>\u00c1lbum de Guitarra Galega: N\u00edvel m\u00e9dio<\/em> is the continuation of the publication of sheet music for guitar that is the product of research on music in Galizan musical backgrounds. The first volume, <em>\u00c1lbum de Guitarra Galega<\/em>. N\u00edvel b\u00e1sico, was published by Dos Acordes in November 2022. Now it comes out this continuation with an anthology of works of the Galizan collections appropriate for the study at the level of Professional Grade in schools and conservatories of music. The chosen works belong to the Valladares Collection, the Ponte Vedra Museum, the Torres Adalid Collection, the Canuto Berea Archive, family backgrounds, such as that of Miguel Varela Suarez, and the works published on his guitar method by the Compostelan guitarist J\u00falio Mirelis Garcia.<\/p>\n<p>Este <em>\u00c1lbum de Guitarra Galega: N\u00edvel m\u00e9dio<\/em> es la continuaci\u00f3n de la publicaci\u00f3n de las partituras para guitarra producto de la investigaci\u00f3n sobre m\u00fasica en los fondos musicales gallegos. El primer volumen, <em>\u00c1lbum de Guitarra Galega<\/em>. N\u00edvel b\u00e1sico, se public\u00f3 en noviembre de 2022 por Dos Acordes. Ahora sale esta continuaci\u00f3n con una antolog\u00eda de obras de los fondos gallegos apropiadas para el estudio en el nivel de Grado Profesional en las escuelas y conservatorios de m\u00fasica. Las obras seleccionadas pertenecen al Fondo Valladares, Museo de Pontevedra, Fondo Torres Adalid, Archivo Canuto Berea, fondos familiares como el de Miguel Varela Suarez, y las obras publicadas en su m\u00e9todo de guitarra por el guitarrista compostelano Julio Mirelis Garc\u00eda.<\/p>\n","protected":false},"featured_media":12009,"template":"","meta":{"om_disable_all_campaigns":false,"_monsterinsights_skip_tracking":false,"_monsterinsights_sitenote_active":false,"_monsterinsights_sitenote_note":"","_monsterinsights_sitenote_category":0},"product_cat":[361],"product_tag":[],"aioseo_notices":[],"lang":"es","translations":{"es":12008,"en":14099},"pll_sync_post":[],"_links":{"self":[{"href":"https:\/\/www.dosacordes.es\/web\/wp-json\/wp\/v2\/product\/12008"}],"collection":[{"href":"https:\/\/www.dosacordes.es\/web\/wp-json\/wp\/v2\/product"}],"about":[{"href":"https:\/\/www.dosacordes.es\/web\/wp-json\/wp\/v2\/types\/product"}],"wp:featuredmedia":[{"embeddable":true,"href":"https:\/\/www.dosacordes.es\/web\/wp-json\/wp\/v2\/media\/12009"}],"wp:attachment":[{"href":"https:\/\/www.dosacordes.es\/web\/wp-json\/wp\/v2\/media?parent=12008"}],"wp:term":[{"taxonomy":"product_cat","embeddable":true,"href":"https:\/\/www.dosacordes.es\/web\/wp-json\/wp\/v2\/product_cat?post=12008"},{"taxonomy":"product_tag","embeddable":true,"href":"https:\/\/www.dosacordes.es\/web\/wp-json\/wp\/v2\/product_tag?post=12008"}],"curies":[{"name":"wp","href":"https:\/\/api.w.org\/{rel}","templated":true}]}}