{"id":11485,"date":"2022-12-30T19:32:47","date_gmt":"2022-12-30T17:32:47","guid":{"rendered":"https:\/\/www.dosacordes.es\/web\/?post_type=product&#038;p=11485"},"modified":"2024-04-04T00:50:05","modified_gmt":"2024-04-03T22:50:05","slug":"juan-montes-obra-piano","status":"publish","type":"product","link":"https:\/\/www.dosacordes.es\/web\/producto\/juan-montes-obra-piano\/","title":{"rendered":"Juan Montes Cap\u00f3n: obra para piano"},"content":{"rendered":"","protected":false},"excerpt":{"rendered":"<h6>Javier Ares, Jorge Briones e Pablo Diago, piano<\/h6>\n<p><strong>Dobre CD<\/strong><\/p>\n[audio mp3=\"https:\/\/www.dosacordes.es\/web\/wp-content\/uploads\/2022\/12\/JUAN-MONTES-ANDANTE-SENTIMENTAL.mp3\"][\/audio]\n<p><em>Andante sentimental <\/em>(Jorge Briones, piano)<\/p>\n<p>Montes non pasou \u00e1 memoria hist\u00f3rica de Galicia polos seus traballos docentes ou polas s\u00faas creaci\u00f3ns de sal\u00f3n, sen\u00f3n polos seus aires galegos, as s\u00faas baladas, suites etc., que multiplicou en pezas para banda, orfe\u00f3n ou orquestra, en consonancia coa t\u00f3nica xeral dos compositores rom\u00e1nticos que pechan o s\u00e9culo XIX cos consabidos aires rexionais. As\u00ed, cobran especial relevancia as s\u00faas mui\u00f1eiras, alal\u00e1s e xotas, coas que Montes deu vida a todo un sentir xeneralizado que, non dubidamos, tiveron eco m\u00e1is al\u00e1 do atril do piano; tam\u00e9n en faladoiros literario-musicais, caf\u00e9s-concertos ou nas propias casas particulares, onde os aires rexionais consolid\u00e1ronse como o estilo alternativo para os grupos de danzas populares que foron cre\u00e1ndose en Galicia desde 1883 (Aires da Terra) como espello idealizado do que a vida rural proporcionaba. Os sal\u00f3ns lucenses co\u00f1ecer\u00edan os coros galegos trinta anos m\u00e1is tarde.<\/p>\n<p style=\"text-align: right;\"><em>\u2014Carlos Villanueva e Ilduara Vicente<\/em><\/p>\n","protected":false},"featured_media":11486,"template":"","meta":{"om_disable_all_campaigns":false,"_monsterinsights_skip_tracking":false,"_monsterinsights_sitenote_active":false,"_monsterinsights_sitenote_note":"","_monsterinsights_sitenote_category":0},"product_cat":[350],"product_tag":[],"aioseo_notices":[],"lang":"es","translations":{"es":11485},"pll_sync_post":[],"_links":{"self":[{"href":"https:\/\/www.dosacordes.es\/web\/wp-json\/wp\/v2\/product\/11485"}],"collection":[{"href":"https:\/\/www.dosacordes.es\/web\/wp-json\/wp\/v2\/product"}],"about":[{"href":"https:\/\/www.dosacordes.es\/web\/wp-json\/wp\/v2\/types\/product"}],"wp:featuredmedia":[{"embeddable":true,"href":"https:\/\/www.dosacordes.es\/web\/wp-json\/wp\/v2\/media\/11486"}],"wp:attachment":[{"href":"https:\/\/www.dosacordes.es\/web\/wp-json\/wp\/v2\/media?parent=11485"}],"wp:term":[{"taxonomy":"product_cat","embeddable":true,"href":"https:\/\/www.dosacordes.es\/web\/wp-json\/wp\/v2\/product_cat?post=11485"},{"taxonomy":"product_tag","embeddable":true,"href":"https:\/\/www.dosacordes.es\/web\/wp-json\/wp\/v2\/product_tag?post=11485"}],"curies":[{"name":"wp","href":"https:\/\/api.w.org\/{rel}","templated":true}]}}