{"id":11311,"date":"2025-06-27T12:58:37","date_gmt":"2025-06-27T10:58:37","guid":{"rendered":"https:\/\/www.dosacordes.es\/web\/?post_type=product&#038;p=11311"},"modified":"2026-04-10T12:06:14","modified_gmt":"2026-04-10T10:06:14","slug":"oposiciones-el-diseno-de-la-programacion-y-las-unidades-didacticas","status":"publish","type":"product","link":"https:\/\/www.dosacordes.es\/web\/producto\/oposiciones-el-diseno-de-la-programacion-y-las-unidades-didacticas\/","title":{"rendered":"Oposiciones para profesorado de Conservatorio | EDICI\u00d3N 2025 | El dise\u00f1o de la Programaci\u00f3n y las Unidades Did\u00e1cticas"},"content":{"rendered":"","protected":false},"excerpt":{"rendered":"<h5><span class=\"tResal\">Javier Jurado<\/span><\/h5>\n<h6>Edici\u00f3n 2025. Actualizado a la normativa vigente.<\/h6>\n<div class=\"rcx-message-body\" data-qa-type=\"message-body\">\n<div class=\"rcx-message-body\">\n<div class=\"rcx-box rcx-box--full rcx-css-1ubdhvk\">\n<p>Este libro se escribi\u00f3 con vistas a proporcionar una aclaraci\u00f3n sobre la \u00edndole de los ejercicios pertenecientes a la parte B del sistema de oposiciones regulado por el Real Decreto 276\/2007, de 23 de febrero (BOE del 2 de marzo) por el que se aprueba el Reglamento de ingreso, accesos y adquisici\u00f3n de nuevas especialidades en los cuerpos docentes a que se refiere la Ley Org\u00e1nica 2\/2006, de 3 de mayo, de Educaci\u00f3n y se regula el r\u00e9gimen transitorio de ingreso a que se refiere la disposici\u00f3n transitoria decimos\u00e9ptima de la citada ley. Adem\u00e1s, este texto se ha actualizado considerando lo establecido por el Real Decreto 270\/2022, de 12 de abril BOE del 13 de abril), por el que se modifica el Reglamento de ingreso, accesos y adquisici\u00f3n de nuevas especialidades en los cuerpos docentes a que se refiere la Ley Org\u00e1nica 2\/2006, de 3 de mayo, de Educaci\u00f3n, y se regula el r\u00e9gimen transitorio de ingreso a que se refiere la disposici\u00f3n transitoria decimos\u00e9ptima de la citada ley, aprobado por Real Decreto 276\/2007, de 23 de febrero.<\/p>\n<p>En \u00e9l, aparte de especificar los cambios producidos en el sistema de oposiciones para los cursos 2022-2023 y 2023-2024, se explican los elementos propios de la Programaci\u00f3n Did\u00e1ctica y de una Unidad Did\u00e1ctica, con vistas a facilitar a las y los opositores el dise\u00f1o y la elaboraci\u00f3n de sus propias propuestas, as\u00ed como para propiciar las respuestas a cuantas preguntas sobre programaci\u00f3n se le ocurran al tribunal durante el debate posterior a la exposici\u00f3n, en caso de existir.<\/p>\n<p>Javier Jurado es catedr\u00e1tico de Historia de la M\u00fasica, con destino en el Conservatorio Superior de M\u00fasica de Vigo y pertenece, adem\u00e1s, a los cuerpos de profesores de ense\u00f1anza secundaria (especialidad de M\u00fasica) y de profesores de m\u00fasica y artes esc\u00e9nicas (Historia de la M\u00fasica), plazas de las que se encuentra en excedencia. Es profesor colaborador de la Universidad Internacional de Valencia y director externo de tesis en la Universidad Polit\u00e9cnica de Valencia.<\/p>\n<p>Ha editado diversos libros sobre programaci\u00f3n y unidades did\u00e1cticas destinados a opositores de los cuerpos docentes de maestros, secundaria y conservatorio; desempe\u00f1a, adem\u00e1s, una extensa actividad como music\u00f3logo.<\/p>\n<\/div>\n<\/div>\n<\/div>\n","protected":false},"featured_media":14947,"template":"","meta":{"om_disable_all_campaigns":false,"_monsterinsights_skip_tracking":false,"_monsterinsights_sitenote_active":false,"_monsterinsights_sitenote_note":"","_monsterinsights_sitenote_category":0},"product_cat":[387,4357,641,640],"product_tag":[],"aioseo_notices":[],"lang":"es","translations":{"es":11311},"pll_sync_post":[],"_links":{"self":[{"href":"https:\/\/www.dosacordes.es\/web\/wp-json\/wp\/v2\/product\/11311"}],"collection":[{"href":"https:\/\/www.dosacordes.es\/web\/wp-json\/wp\/v2\/product"}],"about":[{"href":"https:\/\/www.dosacordes.es\/web\/wp-json\/wp\/v2\/types\/product"}],"wp:featuredmedia":[{"embeddable":true,"href":"https:\/\/www.dosacordes.es\/web\/wp-json\/wp\/v2\/media\/14947"}],"wp:attachment":[{"href":"https:\/\/www.dosacordes.es\/web\/wp-json\/wp\/v2\/media?parent=11311"}],"wp:term":[{"taxonomy":"product_cat","embeddable":true,"href":"https:\/\/www.dosacordes.es\/web\/wp-json\/wp\/v2\/product_cat?post=11311"},{"taxonomy":"product_tag","embeddable":true,"href":"https:\/\/www.dosacordes.es\/web\/wp-json\/wp\/v2\/product_tag?post=11311"}],"curies":[{"name":"wp","href":"https:\/\/api.w.org\/{rel}","templated":true}]}}