{"id":11258,"date":"2023-05-11T09:51:36","date_gmt":"2023-05-11T07:51:36","guid":{"rendered":"https:\/\/www.dosacordes.es\/web\/?post_type=product&#038;p=11258"},"modified":"2024-11-06T18:58:36","modified_gmt":"2024-11-06T17:58:36","slug":"album-guitarra-galega-1","status":"publish","type":"product","link":"https:\/\/www.dosacordes.es\/web\/producto\/album-guitarra-galega-1\/","title":{"rendered":"\u00c1lbum de guitarra galega, vol. 1: Nivel b\u00e1sico"},"content":{"rendered":"","protected":false},"excerpt":{"rendered":"<h5>Isabel Rei Samartim<\/h5>\n<p>Este <em>\u00c1lbum de Guitarra Galega: Nivel b\u00e1sico<\/em> es el resultado de una intensa investigaci\u00f3n sobre la m\u00fasica para guitarra gallega que se cristaliz\u00f3 en la tesis doctoral La guitarra en Galicia elaborada por la guitarrista gallega Isabel Rei Samartim, y presentada el 14 de septiembre de 2020 en la Universidad de Santiago de Compostela.<\/p>\n<p>Este cuaderno contiene m\u00fasica para guitarra del siglo XIX perteneciente a los fondos gallegos de m\u00fasica.<\/p>\n<p>Las obras elegidas son del Fondo Valladares, el Fondo del Museo de Pontevedra, el Fondo Torres Adalid, el Fondo de M\u00fasica Local de Rianjo y el Archivo de la Catedral de Lugo.<\/p>\n","protected":false},"featured_media":11259,"template":"","meta":{"om_disable_all_campaigns":false,"_monsterinsights_skip_tracking":false,"_monsterinsights_sitenote_active":false,"_monsterinsights_sitenote_note":"","_monsterinsights_sitenote_category":0},"product_cat":[361],"product_tag":[],"aioseo_notices":[],"lang":"es","translations":{"es":11258,"en":14098},"pll_sync_post":[],"_links":{"self":[{"href":"https:\/\/www.dosacordes.es\/web\/wp-json\/wp\/v2\/product\/11258"}],"collection":[{"href":"https:\/\/www.dosacordes.es\/web\/wp-json\/wp\/v2\/product"}],"about":[{"href":"https:\/\/www.dosacordes.es\/web\/wp-json\/wp\/v2\/types\/product"}],"wp:featuredmedia":[{"embeddable":true,"href":"https:\/\/www.dosacordes.es\/web\/wp-json\/wp\/v2\/media\/11259"}],"wp:attachment":[{"href":"https:\/\/www.dosacordes.es\/web\/wp-json\/wp\/v2\/media?parent=11258"}],"wp:term":[{"taxonomy":"product_cat","embeddable":true,"href":"https:\/\/www.dosacordes.es\/web\/wp-json\/wp\/v2\/product_cat?post=11258"},{"taxonomy":"product_tag","embeddable":true,"href":"https:\/\/www.dosacordes.es\/web\/wp-json\/wp\/v2\/product_tag?post=11258"}],"curies":[{"name":"wp","href":"https:\/\/api.w.org\/{rel}","templated":true}]}}