{"id":10946,"date":"2022-08-23T12:08:15","date_gmt":"2022-08-23T10:08:15","guid":{"rendered":"https:\/\/www.dosacordes.es\/web\/?post_type=product&#038;p=10946"},"modified":"2026-04-08T13:19:52","modified_gmt":"2026-04-08T11:19:52","slug":"temario-de-oboe","status":"publish","type":"product","link":"https:\/\/www.dosacordes.es\/web\/producto\/temario-de-oboe\/","title":{"rendered":"Temario de Oboe"},"content":{"rendered":"","protected":false},"excerpt":{"rendered":"<h5 class=\"p1\">Antonio Jes\u00fas Ju\u00e1rez Guti\u00e9rrez, Silvia Camino Saco, Mar\u00eda Fern\u00e1ndez Bueno, M\u00f3nica Balo Gonz\u00e1lez, Javier Jurado Luque, \u00c1lvaro Jurado Garc\u00eda, Ana Rif\u00f3n Lastra<\/h5>\n<p>Correspondiente al Cuerpo de Profesores de M\u00fasica y Artes Esc\u00e9nicas. Seg\u00fan Orden ECD\/1753\/2015, de 25 de agosto, por la que se aprueban los temarios que han de regir en los procedimientos de ingreso, acceso y adquisici\u00f3n de nuevas especialidades en el Cuerpo de Profesores de M\u00fasica y Artes Esc\u00e9nicas (BOE del 28 de agosto de 2015).<\/p>\n","protected":false},"featured_media":10947,"template":"","meta":{"om_disable_all_campaigns":false,"_monsterinsights_skip_tracking":false,"_monsterinsights_sitenote_active":false,"_monsterinsights_sitenote_note":"","_monsterinsights_sitenote_category":0},"product_cat":[387,640],"product_tag":[],"aioseo_notices":[],"lang":"es","translations":{"es":10946},"pll_sync_post":[],"_links":{"self":[{"href":"https:\/\/www.dosacordes.es\/web\/wp-json\/wp\/v2\/product\/10946"}],"collection":[{"href":"https:\/\/www.dosacordes.es\/web\/wp-json\/wp\/v2\/product"}],"about":[{"href":"https:\/\/www.dosacordes.es\/web\/wp-json\/wp\/v2\/types\/product"}],"wp:featuredmedia":[{"embeddable":true,"href":"https:\/\/www.dosacordes.es\/web\/wp-json\/wp\/v2\/media\/10947"}],"wp:attachment":[{"href":"https:\/\/www.dosacordes.es\/web\/wp-json\/wp\/v2\/media?parent=10946"}],"wp:term":[{"taxonomy":"product_cat","embeddable":true,"href":"https:\/\/www.dosacordes.es\/web\/wp-json\/wp\/v2\/product_cat?post=10946"},{"taxonomy":"product_tag","embeddable":true,"href":"https:\/\/www.dosacordes.es\/web\/wp-json\/wp\/v2\/product_tag?post=10946"}],"curies":[{"name":"wp","href":"https:\/\/api.w.org\/{rel}","templated":true}]}}