{"id":10813,"date":"2022-06-23T14:41:01","date_gmt":"2022-06-23T12:41:01","guid":{"rendered":"https:\/\/www.dosacordes.es\/web\/?post_type=product&#038;p=10813"},"modified":"2025-01-10T18:51:53","modified_gmt":"2025-01-10T17:51:53","slug":"pack-jazz-saxofon-manual-musico","status":"publish","type":"product","link":"https:\/\/www.dosacordes.es\/web\/producto\/pack-jazz-saxofon-manual-musico\/","title":{"rendered":"\u00a1PACK! Jazz saxof\u00f3n, vol. 1, Jazz saxof\u00f3n, vol. 2 y Manual del m\u00fasico de jazz"},"content":{"rendered":"","protected":false},"excerpt":{"rendered":"<p>Pack de <a href=\"https:\/\/www.dosacordes.es\/web\/producto\/jazz-saxofon-tecnica-basica-aplicable-a-todos-los-instrumentos-vol-1\/\"><em>Jazz saxof\u00f3n: T\u00e9cnica b\u00e1sica aplicable a todos los instrumentos, vol. 1<\/em><\/a>, <a href=\"https:\/\/www.dosacordes.es\/web\/producto\/jazz-saxofon-tecnica-basica-aplicable-a-todos-los-instrumentos-vol-2\/\"><em>Jazz saxof\u00f3n: T\u00e9cnica b\u00e1sica aplicable a todos los instrumentos, vol. 2 <\/em><\/a>y <a href=\"https:\/\/www.dosacordes.es\/web\/producto\/manual-del-ma%c2%basico-de-jazz-guaa-practica-para-el-improvisador\/\"><em>Manual del m\u00fasico de jazz<\/em><\/a>.<\/p>\n","protected":false},"featured_media":10814,"template":"","meta":{"om_disable_all_campaigns":false,"_monsterinsights_skip_tracking":false,"_monsterinsights_sitenote_active":false,"_monsterinsights_sitenote_note":"","_monsterinsights_sitenote_category":0},"product_cat":[382,637],"product_tag":[],"aioseo_notices":[],"lang":"es","translations":{"es":10813},"pll_sync_post":[],"_links":{"self":[{"href":"https:\/\/www.dosacordes.es\/web\/wp-json\/wp\/v2\/product\/10813"}],"collection":[{"href":"https:\/\/www.dosacordes.es\/web\/wp-json\/wp\/v2\/product"}],"about":[{"href":"https:\/\/www.dosacordes.es\/web\/wp-json\/wp\/v2\/types\/product"}],"wp:featuredmedia":[{"embeddable":true,"href":"https:\/\/www.dosacordes.es\/web\/wp-json\/wp\/v2\/media\/10814"}],"wp:attachment":[{"href":"https:\/\/www.dosacordes.es\/web\/wp-json\/wp\/v2\/media?parent=10813"}],"wp:term":[{"taxonomy":"product_cat","embeddable":true,"href":"https:\/\/www.dosacordes.es\/web\/wp-json\/wp\/v2\/product_cat?post=10813"},{"taxonomy":"product_tag","embeddable":true,"href":"https:\/\/www.dosacordes.es\/web\/wp-json\/wp\/v2\/product_tag?post=10813"}],"curies":[{"name":"wp","href":"https:\/\/api.w.org\/{rel}","templated":true}]}}