{"id":10802,"date":"2022-06-23T13:53:04","date_gmt":"2022-06-23T11:53:04","guid":{"rendered":"https:\/\/www.dosacordes.es\/web\/?post_type=product&#038;p=10802"},"modified":"2026-01-30T12:36:20","modified_gmt":"2026-01-30T11:36:20","slug":"metodo-de-instrumentacion-violonchelo-contrabajo","status":"publish","type":"product","link":"https:\/\/www.dosacordes.es\/web\/producto\/metodo-de-instrumentacion-violonchelo-contrabajo\/","title":{"rendered":"M\u00e9todo de Instrumentaci\u00f3n: Violonchelo\/Contrabajo"},"content":{"rendered":"","protected":false},"excerpt":{"rendered":"<h5 class=\"p1\">Hans Kunitz<\/h5>\n<p class=\"p1\">Crece la colecci\u00f3n de cuadernos de instrumentaci\u00f3n con un nuevo volumen dedicado a los instrumentos graves de la familia de la cuerda. Se trata de un libro imprescindible para la comprensi\u00f3n de ambos instrumentos, su historia, caracter\u00edsticas t\u00e9cnicas y sonoras. De obligada lectura para instrumentistas.<\/p>\n","protected":false},"featured_media":10803,"template":"","meta":{"om_disable_all_campaigns":false,"_monsterinsights_skip_tracking":false,"_monsterinsights_sitenote_active":false,"_monsterinsights_sitenote_note":"","_monsterinsights_sitenote_category":0},"product_cat":[356,637],"product_tag":[],"aioseo_notices":[],"lang":"es","translations":{"es":10802},"pll_sync_post":[],"_links":{"self":[{"href":"https:\/\/www.dosacordes.es\/web\/wp-json\/wp\/v2\/product\/10802"}],"collection":[{"href":"https:\/\/www.dosacordes.es\/web\/wp-json\/wp\/v2\/product"}],"about":[{"href":"https:\/\/www.dosacordes.es\/web\/wp-json\/wp\/v2\/types\/product"}],"wp:featuredmedia":[{"embeddable":true,"href":"https:\/\/www.dosacordes.es\/web\/wp-json\/wp\/v2\/media\/10803"}],"wp:attachment":[{"href":"https:\/\/www.dosacordes.es\/web\/wp-json\/wp\/v2\/media?parent=10802"}],"wp:term":[{"taxonomy":"product_cat","embeddable":true,"href":"https:\/\/www.dosacordes.es\/web\/wp-json\/wp\/v2\/product_cat?post=10802"},{"taxonomy":"product_tag","embeddable":true,"href":"https:\/\/www.dosacordes.es\/web\/wp-json\/wp\/v2\/product_tag?post=10802"}],"curies":[{"name":"wp","href":"https:\/\/api.w.org\/{rel}","templated":true}]}}