{"id":10522,"date":"2022-03-30T10:37:26","date_gmt":"2022-03-30T08:37:26","guid":{"rendered":"https:\/\/www.dosacordes.es\/web\/?post_type=product&#038;p=10522"},"modified":"2022-03-30T10:45:40","modified_gmt":"2022-03-30T08:45:40","slug":"tres-bocetos-andaluces","status":"publish","type":"product","link":"https:\/\/www.dosacordes.es\/web\/producto\/tres-bocetos-andaluces\/","title":{"rendered":"Tres bocetos andaluces"},"content":{"rendered":"","protected":false},"excerpt":{"rendered":"<h6>para clarinete bajo y piano<\/h6>\n<h5>David Cuevas S\u00e1nchez<\/h5>\n<ol>\n<li>Tanguillo<\/li>\n<li>Alfatui\u00f1a<\/li>\n<li>Buleri\u00f1a<\/li>\n<\/ol>\n<p>Esta obra es un encargo del clarinetista bajo italiano Rocco Parisi, quien comision\u00f3 la obra con la intenci\u00f3n de estrenarla en el Congreso Internacional de Clarinetes del a\u00f1o 2022, celebrado en Estados Unidos. Parisi me pidi\u00f3 una obra con aire espa\u00f1ol, flamenco, y, como resultado de esta petici\u00f3n, hoy presentamos Tres bocetos andaluces, que suponen un tributo a la m\u00fasica espa\u00f1ola, tanto cl\u00e1sica como flamenca, con muchos de los gestos flamencos de la guitarra importados al piano y con gui\u00f1os a Falla, Alb\u00e9niz y Turina.<br \/>\n<em>\u2014David Cuevas<\/em><\/p>\n","protected":false},"featured_media":10523,"template":"","meta":{"om_disable_all_campaigns":false,"_monsterinsights_skip_tracking":false,"_monsterinsights_sitenote_active":false,"_monsterinsights_sitenote_note":"","_monsterinsights_sitenote_category":0},"product_cat":[362,355,353],"product_tag":[],"aioseo_notices":[],"lang":"es","translations":{"es":10522},"pll_sync_post":[],"_links":{"self":[{"href":"https:\/\/www.dosacordes.es\/web\/wp-json\/wp\/v2\/product\/10522"}],"collection":[{"href":"https:\/\/www.dosacordes.es\/web\/wp-json\/wp\/v2\/product"}],"about":[{"href":"https:\/\/www.dosacordes.es\/web\/wp-json\/wp\/v2\/types\/product"}],"wp:featuredmedia":[{"embeddable":true,"href":"https:\/\/www.dosacordes.es\/web\/wp-json\/wp\/v2\/media\/10523"}],"wp:attachment":[{"href":"https:\/\/www.dosacordes.es\/web\/wp-json\/wp\/v2\/media?parent=10522"}],"wp:term":[{"taxonomy":"product_cat","embeddable":true,"href":"https:\/\/www.dosacordes.es\/web\/wp-json\/wp\/v2\/product_cat?post=10522"},{"taxonomy":"product_tag","embeddable":true,"href":"https:\/\/www.dosacordes.es\/web\/wp-json\/wp\/v2\/product_tag?post=10522"}],"curies":[{"name":"wp","href":"https:\/\/api.w.org\/{rel}","templated":true}]}}