{"id":6886,"date":"2020-06-05T23:41:43","date_gmt":"2020-06-05T21:41:43","guid":{"rendered":"http:\/\/www.dosacordes.es\/web\/?page_id=6886"},"modified":"2025-02-10T15:52:33","modified_gmt":"2025-02-10T14:52:33","slug":"servicios-ofrecidos","status":"publish","type":"page","link":"https:\/\/www.dosacordes.es\/web\/servicios-ofrecidos\/","title":{"rendered":"Servicios ofrecidos"},"content":{"rendered":"<div class=\"wpb-content-wrapper\"><p>[vc_row full_width=\u00bbstretch_row_content\u00bb gap=\u00bb5&#8243;][vc_column parallax=\u00bbcontent-moving\u00bb parallax_image=\u00bb7998&#8243; parallax_speed_bg=\u00bb3.5&#8243; css_animation=\u00bbfadeIn\u00bb]\n\t<style type=\"text\/css\">\n\t\t.cta-69db90ef477f5.toko-cta .toko-cta-title { color: #ffffff; }\n\t\t.cta-69db90ef477f5.toko-cta .toko-cta-description { color: #9c9c9c; }\n\t\t.cta-69db90ef477f5.toko-cta a.toko-cta-button { background-color: #ecad25; }\n\t\t.cta-69db90ef477f5.toko-cta a.toko-cta-button:hover { background-color: #dda326; }\n\t\t.cta-69db90ef477f5.toko-cta a.toko-cta-button { color: #ffffff; }\n\t\t.cta-69db90ef477f5.toko-cta a.toko-cta-button:hover { color: #ffffff !important; }\n\t\t.cta-69db90ef477f5.toko-cta .toko-cta-title { border-bottom-color: #9c9c9c; }\n\t<\/style>\n\n\t<div class=\"toko-cta cta-69db90ef477f5 text-center\">\n\t\t\t\t    \t\t        <h2 class=\"toko-cta-title\">Publicaciones<\/h2>\n\t\t    \n\t\t\t\t\t\n            <\/div>\n\n\t[\/vc_column][\/vc_row][vc_row full_width=\u00bbstretch_row\u00bb css=\u00bb.vc_custom_1598391928833{margin-top: 40px !important;border-top-width: 30px !important;padding-top: 4px !important;background-color: #edf3f4 !important;}\u00bb][vc_column css_animation=\u00bbnone\u00bb width=\u00bb4\/5&#8243; css=\u00bb.vc_custom_1598391683070{border-top-width: 6px !important;border-bottom-width: 2px !important;padding-top: 8px !important;padding-right: 25px !important;padding-bottom: 8px !important;padding-left: 8px !important;}\u00bb][vc_column_text]<\/p>\r\n<p style=\"text-align: justify;\">El principio de calidad marca nuestras decisiones editoriales a la hora de publicar partituras, libros o revistas. Atendemos detalladamente cada propuesta, proporcionando una respuesta r\u00e1pida y firme. Conocedores de las necesidades de los autores ofrecemos distintas y adecuadas soluciones a la edici\u00f3n, desde un n\u00famero reducido de ejemplares a tiradas m\u00e1s amplias, dependiendo de sus caracter\u00edsticas y del p\u00fablico al que va dirigido.<\/p>\r\n<p style=\"text-align: justify;\">Como expertos en edici\u00f3n, sugerimos el formato m\u00e1s id\u00f3neo, tipo de papel y presentaci\u00f3n. Nuestros dise\u00f1os de portada son conocidos por su hermosura, al igual que nuestro acabado por su idoneidad. Como m\u00fasicos que somos sabemos cu\u00e1les son las ventajas e inconvenientes de cada uno de los formatos posibles.<\/p>\r\n<p style=\"text-align: justify;\">Distribuimos en librer\u00edas y tiendas de m\u00fasica de Galicia, as\u00ed como en el resto de Espa\u00f1a. A trav\u00e9s de la venta on-line en nuestra tienda y en gran cantidad de comercios electr\u00f3nicos nuestras ediciones llegan a los lugares m\u00e1s rec\u00f3nditos del planeta. Adem\u00e1s, nuestros blogueros recogen cr\u00edticas y recensiones de cada uno de nuestros productos, aumentando el inter\u00e9s de los compradores.<\/p>\r\n<p style=\"text-align: justify;\">No pretendemos tan solo la venta, sino el posicionamiento de nuestros autores, porque su \u00e9xito es el nuestro.<\/p>\r\n<p>E-mail de contacto: <strong><a href=\"mailto:info@dosacordes.com\">info@dosacordes.com<\/a><\/strong><\/p>\r\n<p>[\/vc_column_text][\/vc_column][vc_column css_animation=\u00bbnone\u00bb width=\u00bb1\/5&#8243; css=\u00bb.vc_custom_1598391674131{margin-top: 4px !important;margin-bottom: 2px !important;border-top-width: 2px !important;border-bottom-width: 2px !important;padding-top: 8px !important;padding-bottom: 4px !important;}\u00bb][vc_gallery interval=\u00bb3&#8243; images=\u00bb3690,3494,3579,3553&#8243; img_size=\u00bb300&#215;470&#8243; css=\u00bb.vc_custom_1591447922087{border-bottom-width: 20px !important;}\u00bb][\/vc_column][\/vc_row][vc_row full_width=\u00bbstretch_row_content\u00bb gap=\u00bb5&#8243;][vc_column parallax=\u00bbcontent-moving\u00bb parallax_image=\u00bb7998&#8243; parallax_speed_bg=\u00bb3.5&#8243; css_animation=\u00bbfadeIn\u00bb]\n\t<style type=\"text\/css\">\n\t\t.cta-69db90ef47814.toko-cta .toko-cta-title { color: #ffffff; }\n\t\t.cta-69db90ef47814.toko-cta .toko-cta-description { color: #9c9c9c; }\n\t\t.cta-69db90ef47814.toko-cta a.toko-cta-button { background-color: #ecad25; }\n\t\t.cta-69db90ef47814.toko-cta a.toko-cta-button:hover { background-color: #dda326; }\n\t\t.cta-69db90ef47814.toko-cta a.toko-cta-button { color: #ffffff; }\n\t\t.cta-69db90ef47814.toko-cta a.toko-cta-button:hover { color: #ffffff !important; }\n\t\t.cta-69db90ef47814.toko-cta .toko-cta-title { border-bottom-color: #9c9c9c; }\n\t<\/style>\n\n\t<div class=\"toko-cta cta-69db90ef47814 text-center\">\n\t\t\t\t    \t\t        <h2 class=\"toko-cta-title\">Discos<\/h2>\n\t\t    \n\t\t\t\t\t\n            <\/div>\n\n\t[\/vc_column][\/vc_row][vc_row css=\u00bb.vc_custom_1598391969951{background-color: #edf3f4 !important;}\u00bb][vc_column css_animation=\u00bbnone\u00bb width=\u00bb1\/5&#8243; css=\u00bb.vc_custom_1598391947752{margin-top: 60px !important;margin-bottom: 4px !important;border-top-width: 30px !important;border-bottom-width: 4px !important;padding-top: 4px !important;padding-bottom: 2px !important;}\u00bb][vc_gallery interval=\u00bb3&#8243; images=\u00bb1742,1740,1738,1737,426&#8243; img_size=\u00bbmedium\u00bb][\/vc_column][vc_column css_animation=\u00bbnone\u00bb width=\u00bb4\/5&#8243; css=\u00bb.vc_custom_1598392418386{border-top-width: 6px !important;border-bottom-width: 2px !important;padding-top: 40px !important;padding-bottom: 8px !important;padding-left: 25px !important;}\u00bb][vc_column_text css_animation=\u00bbnone\u00bb]<\/p>\r\n<div dir=\"auto\" style=\"text-align: justify;\">\r\n<p>Dos Acordes es, tambi\u00e9n, un destacado productor discogr\u00e1fico, que oferta variadas soluciones al mundo de la grabaci\u00f3n. As\u00ed, abarcamos desde maquetas promocionales a discos, realizados en nuestro propio estudio o bien en estudios profesionales externos. Sobre estos, no nos decantamos por una \u00fanica empresa, sino que escogemos en funci\u00f3n de las necesidades de los int\u00e9rpretes y siempre de acuerdo con ellos en relaci\u00f3n a las decisiones asumidas.<\/p>\r\n<p>Aportamos producci\u00f3n t\u00e9cnica y, en caso de ser necesaria, art\u00edstica, sea exclusiva o compartida, en base a nuestra experiencia profesional como m\u00fasicos de estudio.<\/p>\r\n<p>En lo relativo a la publicaci\u00f3n del soporte, producimos CD y DVD, incluso de gran complejidad t\u00e9cnica. Trabajamos con las mejores empresas de grabaci\u00f3n y reproducci\u00f3n, para productos independientes o bien integrados dentro de un libro o partitura.<\/p>\r\n<p>En cuanto a formatos, no nos detenemos en el habitual CD en Jewell transparente, sino que ofertamos una variada selecci\u00f3n de formatos (Digipack de dos, tres y cuatro cuerpos, Digibook, libro-disco, etc.), aut\u00e9nticos retos en donde nuestro equipo de dise\u00f1o gr\u00e1fico deja correr libremente su creatividad, siempre bajo la supervisi\u00f3n del cliente.<\/p>\r\n<\/div>\r\n<p>[\/vc_column_text][\/vc_column][\/vc_row][vc_row full_width=\u00bbstretch_row_content\u00bb css=\u00bb.vc_custom_1591230836687{background-color: #222222 !important;background-position: center !important;background-repeat: no-repeat !important;background-size: cover !important;}\u00bb][vc_column parallax=\u00bbcontent-moving\u00bb parallax_image=\u00bb7998&#8243; parallax_speed_bg=\u00bb3.5&#8243; css_animation=\u00bbfadeIn\u00bb]\n\t<style type=\"text\/css\">\n\t\t.cta-69db90ef47823.toko-cta .toko-cta-title { color: #ffffff; }\n\t\t.cta-69db90ef47823.toko-cta .toko-cta-description { color: #ffffff; }\n\t\t.cta-69db90ef47823.toko-cta a.toko-cta-button { background-color: #ecad25; }\n\t\t.cta-69db90ef47823.toko-cta a.toko-cta-button:hover { background-color: #dda326; }\n\t\t.cta-69db90ef47823.toko-cta a.toko-cta-button { color: #ffffff; }\n\t\t.cta-69db90ef47823.toko-cta a.toko-cta-button:hover { color: #ffffff !important; }\n\t\t.cta-69db90ef47823.toko-cta .toko-cta-title { border-bottom-color: #9c9c9c; }\n\t<\/style>\n\n\t<div class=\"toko-cta cta-69db90ef47823 text-center\">\n\t\t\t\t    \t\t        <h2 class=\"toko-cta-title\">Oposiciones<\/h2>\n\t\t    \n\t\t\t\t\t\n            <\/div>\n\n\t[\/vc_column][\/vc_row][vc_row css=\u00bb.vc_custom_1598392029992{background-color: #edf3f4 !important;}\u00bb][vc_column css_animation=\u00bbfadeIn\u00bb][vc_column_text css_animation=\u00bbnone\u00bb]<\/p>\r\n<p style=\"text-align: justify;\">Nuestra Academia Virtual es una m\u00e1s de las innovadoras propuestas que el equipo de Dos Acordes dise\u00f1a para la preparaci\u00f3n de oposiciones docentes. Tras veintis\u00e9is cursos trabajando presencialmente en diversas academias de Galicia y Castilla y Le\u00f3n, en el curso 2015-2016 dimos este paso al frente para acercar una preparaci\u00f3n de calidad a todos los rincones donde haya un dispositivo conectado a la red.<\/p>\r\n<p style=\"text-align: justify;\">En la Academia Virtual de Dos Acordes encontrar\u00e1s todo lo que precisas para tu oposici\u00f3n, sea para el <em>Cuerpo de Maestros<\/em> (consulta especialidades impartidas) as\u00ed como para la especialidad de M\u00fasica del <em>Cuerpo de Profesores de Ense\u00f1anza Secundaria<\/em> y de todas las especialidades de <em>Conservatorio<\/em>. Todo un universo creado para plantear, con garant\u00edas de \u00e9xito, tu acceso a la funci\u00f3n p\u00fablica docente.<\/p>\r\n<p style=\"text-align: justify;\">En nuestra plataforma dispondr\u00e1s de:<\/p>\r\n<ul style=\"text-align: justify;\">\r\n<li>Diario de clases, donde nuestro profesorado marca el trabajo semanal a realizar, las tareas encomendadas y las novedades m\u00e1s importantes que se producen en el mundo de las oposiciones: modificaciones de las pruebas, ofertas p\u00fablicas de empleo, convocatorias, etc.<\/li>\r\n<li>Amplios foros ordenados por tem\u00e1ticas, que facilitan el intercambio de opiniones con otras personas aspirantes y el profesorado. Tambi\u00e9n disponemos de chat privado entre participantes.<\/li>\r\n<li>En el caso del Cuerpo de Maestros y de Profesores de Ense\u00f1anza Secundaria, temarios revisados cada curso para adecuarlos a las necesidades de la preparaci\u00f3n y que incorpora todas las novedades legislativas que se promueven en el mundo de la ense\u00f1anza. Los temas est\u00e1n apoyados por materiales complementarios, en forma de archivos de imagen, audios, videos, etc. que apoyan su comprensi\u00f3n y una posible aplicaci\u00f3n did\u00e1ctica. En el caso de Conservatorios, disponemos de temario propio completo de varias especialidades, ampliando nuestro cat\u00e1logo conforme pasan los meses.<\/li>\r\n<li>Explicaciones pormenorizadas sobre la elaboraci\u00f3n de la Programaci\u00f3n Did\u00e1ctica en base a la legislaci\u00f3n actual.<\/li>\r\n<li>Explicaci\u00f3n detallada sobre las Unidades Did\u00e1cticas, con ejemplos completos de ellas que te orienten en la elaboraci\u00f3n y dise\u00f1o de las tuyas. Materiales did\u00e1cticos para facilitarte la preparaci\u00f3n de las actividades que conllevan.<\/li>\r\n<li>Carpeta de legislaci\u00f3n ordenada por comunidades aut\u00f3nomas y niveles de ense\u00f1anza.<\/li>\r\n<li>Gu\u00edas para afrontar todas las pruebas pr\u00e1cticas exigidas en las comunidades aut\u00f3nomas:<\/li>\r\n<\/ul>\r\n<p>Trabajamos todas las pruebas de tu oposici\u00f3n. Por ejemplo:<\/p>\r\n<div class=\"editor-indent\" style=\"text-align: justify;\">\r\n<div>\r\n<div>\r\n<p style=\"padding-left: 40px;\">o <strong>Cuerpo de Maestros<\/strong>: casos pr\u00e1cticos (Infantil, Primaria, Educaci\u00f3n F\u00edsica, Pedagog\u00eda Terap\u00e9utica, Audici\u00f3n y Lenguaje&#8230;), composici\u00f3n de una pieza a utilizar en el aula a partir de un texto dado por el tribunal, an\u00e1lisis de un fragmento musical de tipo folcl\u00f3rico, an\u00e1lisis y aplicaci\u00f3n did\u00e1ctica de una canci\u00f3n popular dada por el tribunal, composici\u00f3n de una canci\u00f3n justificando su adecuaci\u00f3n al estado madurativo del alumnado, elecci\u00f3n de repertorio sobre el que desarrollar una did\u00e1ctica, supuestos pr\u00e1cticos\u2026 (M\u00fasica). Tambi\u00e9n preparamos el examen de conocimientos generales que se exige en algunas comunidades.<\/p>\r\n<\/div>\r\n<\/div>\r\n<div>\r\n<div>\r\n<p style=\"padding-left: 40px;\">o <b>Profesores de Ense\u00f1anza Secundaria (M\u00fasica)<\/b>: an\u00e1lisis, comentario de texto literario musical, an\u00e1lisis de audici\u00f3n con y sin partitura, did\u00e1ctica de la canci\u00f3n&#8230;<\/p>\r\n<\/div>\r\n<\/div>\r\n<div>\r\n<div>\r\n<p style=\"padding-left: 40px;\">o <b>Profesores de M\u00fasica y Artes Esc\u00e9nicas<\/b>: an\u00e1lisis formal, estil\u00edstico y did\u00e1ctico de una obra (especialidades instrumentales). Tambi\u00e9n preparamos las pruebas pr\u00e1cticas de las especialidades de Lenguaje Musical, Fundamentos de Composici\u00f3n e Historia de la M\u00fasica.<\/p>\r\n<p>Otras caracter\u00edsticas comunes a nuestra formaci\u00f3n son:<\/p>\r\n<ul>\r\n<li>Aclaraci\u00f3n de en qu\u00e9 comunidad aut\u00f3noma se exige cada una de las pruebas y qu\u00e9 supone, con ejemplos de ejercicios que han ca\u00eddo con anterioridad.<\/li>\r\n<\/ul>\r\n<\/div>\r\n<\/div>\r\n<\/div>\r\n<div>\r\n<ul>\r\n<li style=\"text-align: justify;\">Clase semanal por videoconferencia, con atenci\u00f3n a todas las pruebas de la oposici\u00f3n. La clase tiene una duraci\u00f3n m\u00ednima de 2\u201930 horas. Si no te es posible verla en su horario en directo, queda grabada y a tu disposici\u00f3n durante todo el curso en la web. Disponemos de webcam, encerado, chat\u2026 en un entorno virtual de ense\u00f1anza. Puedes participar en cualquier momento, tanto a trav\u00e9s de micr\u00f3fono con o sin webcam, previo solicitud de palabra y\/o imagen al moderador de la sesi\u00f3n, o bien formulando tus dudas en el chat de la clase.<\/li>\r\n<li style=\"text-align: justify;\">El equipo de preparadores corrige tu programaci\u00f3n did\u00e1ctica, unidades, res\u00famenes de temas, ejercicios pr\u00e1cticos\u2026 en plazos prefijados por trimestre.<\/li>\r\n<li style=\"text-align: justify;\">Simulacros de temas y pr\u00e1cticos escritos, realizados en casa que se env\u00edan para su correcci\u00f3n.<\/li>\r\n<li>\r\n<p style=\"text-align: justify;\">Exposiciones de la programaci\u00f3n y de las unidades por videoconferencia.<\/p>\r\n<\/li>\r\n<\/ul>\r\n<\/div>\r\n<p>&nbsp;<\/p>\r\n<p style=\"text-align: center;\">\u00a1Contacta con nosotros en caso de tener cualquier duda!<\/p>\r\n<p>[\/vc_column_text][\/vc_column][\/vc_row][vc_row full_width=\u00bbstretch_row_content\u00bb][vc_column parallax=\u00bbcontent-moving\u00bb parallax_image=\u00bb7998&#8243; parallax_speed_bg=\u00bb3.5&#8243; css_animation=\u00bbfadeIn\u00bb]\n\t<style type=\"text\/css\">\n\t\t.cta-69db90ef47832.toko-cta .toko-cta-title { color: #ffffff; }\n\t\t.cta-69db90ef47832.toko-cta .toko-cta-description { color: #ffffff; }\n\t\t.cta-69db90ef47832.toko-cta a.toko-cta-button { background-color: #ecad25; }\n\t\t.cta-69db90ef47832.toko-cta a.toko-cta-button:hover { background-color: #dda326; }\n\t\t.cta-69db90ef47832.toko-cta a.toko-cta-button { color: #ffffff; }\n\t\t.cta-69db90ef47832.toko-cta a.toko-cta-button:hover { color: #ffffff !important; }\n\t\t.cta-69db90ef47832.toko-cta .toko-cta-title { border-bottom-color: #9c9c9c; }\n\t<\/style>\n\n\t<div class=\"toko-cta cta-69db90ef47832 text-center\">\n\t\t\t\t    \t\t        <h2 class=\"toko-cta-title\">Transcripci\u00f3n de partituras<\/h2>\n\t\t    \n\t\t\t\t\t\n            <\/div>\n\n\t[\/vc_column][\/vc_row][vc_section css=\u00bb.vc_custom_1598392067282{background-color: #edf3f4 !important;}\u00bb][vc_row][vc_column width=\u00bb4\/5&#8243; css=\u00bb.vc_custom_1598392428659{padding-right: 25px !important;}\u00bb][vc_column_text css_animation=\u00bbnone\u00bb css=\u00bb.vc_custom_1598392102273{border-top-width: 2px !important;border-bottom-width: 2px !important;padding-top: 2px !important;padding-bottom: 2px !important;}\u00bb]<\/p>\r\n<div dir=\"auto\" style=\"text-align: justify;\">Ofrecemos un servicio de transcripci\u00f3n de partituras manuscritas o de ediciones en papel a diferentes programas, seg\u00fan las necesidades del encargo:\u00a0Finale,\u00a0Sibelius,\u00a0<wbr \/>Musescore\u2026<\/div>\r\n<div dir=\"auto\">\u00a0<\/div>\r\n<div dir=\"auto\" style=\"text-align: left;\">Trabajamos con rapidez y a precios muy competitivos, considerando los habituales en este tipo de trabajos.\u00a0 Tenemos amplia experiencia de transcripci\u00f3n\/edici\u00f3n para agrupaciones orquestales y bandas de m\u00fasica, as\u00ed como para compositores de reconocido prestigio.<\/div>\r\n<div dir=\"auto\">\u00a0<\/div>\r\n<div dir=\"auto\" style=\"text-align: justify;\">En el \u00e1mbito de la investigaci\u00f3n musicol\u00f3gica y etnomusicol\u00f3gica, conocemos y aplicamos graf\u00edas de distinta \u00edndole, incluyendo contempor\u00e1neas y antiguas. Nuestro equipo de investigadores y de transcriptores posee los conocimientos de edici\u00f3n musical precisos para aplicar a cada trabajo el enfoque necesario, siempre siguiendo, de forma continua y permanente, las indicaciones del cliente.<\/div>\r\n<div dir=\"auto\">\u00a0<\/div>\r\n<div dir=\"auto\" style=\"text-align: justify;\">Las obras pasadas al editor de partituras se facilitan en el programa solicitado, adem\u00e1s de en PDF, siguiendo las indicaciones que cada cliente nos proporcione en cuanto a formato, tipo y tama\u00f1o de letra, extracci\u00f3n de partes, etc.<\/div>\r\n<div dir=\"auto\">\u00a0<\/div>\r\n<div dir=\"auto\" style=\"text-align: justify;\">En caso de tratarse de obras para publicar, adem\u00e1s de las condiciones requeridas por cada cliente, nuestro equipo de publicaciones de partituras estar\u00e1 encantado de aconsejar cuantas modificaciones considere, siempre pensando en la calidad del producto final.<\/div>\r\n<p>[\/vc_column_text][\/vc_column][vc_column width=\u00bb1\/5&#8243; css=\u00bb.vc_custom_1598392114396{margin-top: 30px !important;margin-left: 10px !important;border-top-width: 10px !important;border-left-width: 10px !important;}\u00bb][vc_single_image image=\u00bb7193&#8243; img_size=\u00bb350&#215;350&#8243; alignment=\u00bbright\u00bb css_animation=\u00bbnone\u00bb][\/vc_column][\/vc_row][\/vc_section][vc_section][vc_row full_width=\u00bbstretch_row_content\u00bb][vc_column parallax=\u00bbcontent-moving\u00bb parallax_image=\u00bb7998&#8243; parallax_speed_bg=\u00bb3.5&#8243; css_animation=\u00bbfadeIn\u00bb css=\u00bb.vc_custom_1598968552369{margin-top: 6px !important;margin-bottom: 6px !important;border-top-width: 6px !important;border-bottom-width: 6px !important;padding-top: 2px !important;padding-bottom: 2px !important;}\u00bb]\n\t<style type=\"text\/css\">\n\t\t.cta-69db90ef4783c.toko-cta .toko-cta-title { color: #ffffff; }\n\t\t.cta-69db90ef4783c.toko-cta .toko-cta-description { color: #ffffff; }\n\t\t.cta-69db90ef4783c.toko-cta a.toko-cta-button { background-color: #ecad25; }\n\t\t.cta-69db90ef4783c.toko-cta a.toko-cta-button:hover { background-color: #dda326; }\n\t\t.cta-69db90ef4783c.toko-cta a.toko-cta-button { color: #ffffff; }\n\t\t.cta-69db90ef4783c.toko-cta a.toko-cta-button:hover { color: #ffffff !important; }\n\t\t.cta-69db90ef4783c.toko-cta .toko-cta-title { border-bottom-color: #9c9c9c; }\n\t<\/style>\n\n\t<div class=\"toko-cta cta-69db90ef4783c text-center\">\n\t\t\t\t    \t\t        <h2 class=\"toko-cta-title\">Elaboraci\u00f3n de mockups<\/h2>\n\t\t    \n\t\t\t\t\t\n            <\/div>\n\n\t[\/vc_column][\/vc_row][\/vc_section][vc_section][vc_row][vc_column css=\u00bb.vc_custom_1598392436216{padding-top: 40px !important;}\u00bb][vc_column_text css_animation=\u00bbnone\u00bb css=\u00bb.vc_custom_1598392310436{border-top-width: 2px !important;border-bottom-width: 2px !important;padding-top: 2px !important;padding-bottom: 2px !important;}\u00bb]<\/p>\r\n<p>Ofrecemos un servicio de elaboraci\u00f3n de Mock-up a partir de partituras y\/o de secuencias MIDI. Empleamos las mejores librer\u00edas virtuales: 8Dio, Vienna Symphonic Library, Spitfire audio, Orchestral tools, East West. etc. Escucha ejemplos de nuestro trabajo:<\/p>\r\n<p>&nbsp;<\/p>\r\n<ul>\r\n<li style=\"text-align: left;\"><em><strong>The Grocery Story<\/strong><\/em>, orquestado con Cuerdas y vientos madera. (Compuesto en Sibelius, y producido en cubase partiendo del archivo .mid):<\/li>\r\n<\/ul>\r\n<!--[if lt IE 9]><script>document.createElement('audio');<\/script><![endif]-->\n<audio class=\"wp-audio-shortcode\" id=\"audio-6886-1\" preload=\"none\" style=\"width: 100%;\" controls=\"controls\"><source type=\"audio\/mpeg\" src=\"http:\/\/www.dosacordes.es\/web\/wp-content\/uploads\/2016\/08\/grocery_story_v2.mp3?_=1\" \/><a href=\"http:\/\/www.dosacordes.es\/web\/wp-content\/uploads\/2016\/08\/grocery_story_v2.mp3\">http:\/\/www.dosacordes.es\/web\/wp-content\/uploads\/2016\/08\/grocery_story_v2.mp3<\/a><\/audio>\r\n<p>&nbsp;<\/p>\r\n<ul>\r\n<li><em><strong>Claro de luna<\/strong><\/em> de la suite Bergamasque &#8211; fragmento (Debussy), orquestado para sexteto de vientos madera.<\/li>\r\n<\/ul>\r\n<audio class=\"wp-audio-shortcode\" id=\"audio-6886-2\" preload=\"none\" style=\"width: 100%;\" controls=\"controls\"><source type=\"audio\/mpeg\" src=\"http:\/\/www.dosacordes.es\/web\/wp-content\/uploads\/2016\/08\/claire_lune_debussy_final_mix.mp3?_=2\" \/><a href=\"http:\/\/www.dosacordes.es\/web\/wp-content\/uploads\/2016\/08\/claire_lune_debussy_final_mix.mp3\">http:\/\/www.dosacordes.es\/web\/wp-content\/uploads\/2016\/08\/claire_lune_debussy_final_mix.mp3<\/a><\/audio>\r\n<p>&nbsp;<\/p>\r\n<ul>\r\n<li><em><strong>Erotik<\/strong> <\/em>&#8211; Piezas l\u00edricas Op. 43 n.5 &#8211;\u00a0 fragmento (Grieg), orquestado para instrumentos de cuerda.<\/li>\r\n<\/ul>\r\n<audio class=\"wp-audio-shortcode\" id=\"audio-6886-3\" preload=\"none\" style=\"width: 100%;\" controls=\"controls\"><source type=\"audio\/mpeg\" src=\"http:\/\/www.dosacordes.es\/web\/wp-content\/uploads\/2016\/08\/erotik.mp3?_=3\" \/><a href=\"http:\/\/www.dosacordes.es\/web\/wp-content\/uploads\/2016\/08\/erotik.mp3\">http:\/\/www.dosacordes.es\/web\/wp-content\/uploads\/2016\/08\/erotik.mp3<\/a><\/audio>\r\n<p>&nbsp;<\/p>\r\n<ul>\r\n<li><strong>Leia&#8217;s Theme<\/strong> -Star Wars &#8211; (Secuenciado partiendo de la partitura original).<\/li>\r\n<\/ul>\r\n<audio class=\"wp-audio-shortcode\" id=\"audio-6886-4\" preload=\"none\" style=\"width: 100%;\" controls=\"controls\"><source type=\"audio\/mpeg\" src=\"http:\/\/www.dosacordes.es\/web\/wp-content\/uploads\/2019\/11\/Leia.mp3?_=4\" \/><a href=\"http:\/\/www.dosacordes.es\/web\/wp-content\/uploads\/2019\/11\/Leia.mp3\">http:\/\/www.dosacordes.es\/web\/wp-content\/uploads\/2019\/11\/Leia.mp3<\/a><\/audio>\r\n<p>&nbsp;<\/p>\r\n<ul>\r\n<li><strong>Cuando nadie me ve (Alejandro Sanz)<\/strong>(Realizado partiendo de una secuencia, y orquestando a continuaci\u00f3n directamente en Cubase)<\/li>\r\n<\/ul>\r\n<audio class=\"wp-audio-shortcode\" id=\"audio-6886-5\" preload=\"none\" style=\"width: 100%;\" controls=\"controls\"><source type=\"audio\/mpeg\" src=\"http:\/\/www.dosacordes.es\/web\/wp-content\/uploads\/2019\/11\/Cuando_nadie.mp3?_=5\" \/><a href=\"http:\/\/www.dosacordes.es\/web\/wp-content\/uploads\/2019\/11\/Cuando_nadie.mp3\">http:\/\/www.dosacordes.es\/web\/wp-content\/uploads\/2019\/11\/Cuando_nadie.mp3<\/a><\/audio>\r\n<p>&nbsp;<\/p>\r\n<ul>\r\n<li><strong>Concierto de Brandenburgo n\u00ba4<\/strong>\u00a0 &#8211; fragmento Allegro (Bach) (Realizado directamente en Cubase tocando cada uno de los distintos instrumentos)<\/li>\r\n<\/ul>\r\n<audio class=\"wp-audio-shortcode\" id=\"audio-6886-6\" preload=\"none\" style=\"width: 100%;\" controls=\"controls\"><source type=\"audio\/mpeg\" src=\"http:\/\/www.dosacordes.es\/web\/wp-content\/uploads\/2019\/11\/Brandenburgo_berlin_y_chamber_test.mp3?_=6\" \/><a href=\"http:\/\/www.dosacordes.es\/web\/wp-content\/uploads\/2019\/11\/Brandenburgo_berlin_y_chamber_test.mp3\">http:\/\/www.dosacordes.es\/web\/wp-content\/uploads\/2019\/11\/Brandenburgo_berlin_y_chamber_test.mp3<\/a><\/audio><hr \/>\r\n<p>[\/vc_column_text][\/vc_column][\/vc_row][\/vc_section]<\/p><\/div>","protected":false},"excerpt":{"rendered":"<p>[vc_row full_width=\u00bbstretch_row_content\u00bb gap=\u00bb5&#8243;][vc_column parallax=\u00bbcontent-moving\u00bb parallax_image=\u00bb7998&#8243; parallax_speed_bg=\u00bb3.5&#8243; css_animation=\u00bbfadeIn\u00bb][\/vc_column][\/vc_row][vc_row full_width=\u00bbstretch_row\u00bb css=\u00bb.vc_custom_1598391928833{margin-top: 40px !important;border-top-width: 30px !important;padding-top: 4px !important;background-color: #edf3f4 !important;}\u00bb][vc_column css_animation=\u00bbnone\u00bb width=\u00bb4\/5&#8243; css=\u00bb.vc_custom_1598391683070{border-top-width: 6px !important;border-bottom-width: 2px !important;padding-top: 8px !important;padding-right: 25px !important;padding-bottom: 8px !important;padding-left: 8px !important;}\u00bb][vc_column_text] El principio de calidad marca nuestras decisiones editoriales a la hora de publicar partituras, libros o revistas. Atendemos detalladamente cada propuesta, proporcionando una [&hellip;]<\/p>\n","protected":false},"author":1,"featured_media":0,"parent":0,"menu_order":0,"comment_status":"closed","ping_status":"closed","template":"page_visual_composer.php","meta":{"om_disable_all_campaigns":false,"_monsterinsights_skip_tracking":false,"_monsterinsights_sitenote_active":false,"_monsterinsights_sitenote_note":"","_monsterinsights_sitenote_category":0,"footnotes":""},"aioseo_notices":[],"lang":"es","translations":{"es":6886,"ar":13225,"uy":13226,"en":13966},"pll_sync_post":[],"_links":{"self":[{"href":"https:\/\/www.dosacordes.es\/web\/wp-json\/wp\/v2\/pages\/6886"}],"collection":[{"href":"https:\/\/www.dosacordes.es\/web\/wp-json\/wp\/v2\/pages"}],"about":[{"href":"https:\/\/www.dosacordes.es\/web\/wp-json\/wp\/v2\/types\/page"}],"author":[{"embeddable":true,"href":"https:\/\/www.dosacordes.es\/web\/wp-json\/wp\/v2\/users\/1"}],"replies":[{"embeddable":true,"href":"https:\/\/www.dosacordes.es\/web\/wp-json\/wp\/v2\/comments?post=6886"}],"version-history":[{"count":152,"href":"https:\/\/www.dosacordes.es\/web\/wp-json\/wp\/v2\/pages\/6886\/revisions"}],"predecessor-version":[{"id":14533,"href":"https:\/\/www.dosacordes.es\/web\/wp-json\/wp\/v2\/pages\/6886\/revisions\/14533"}],"wp:attachment":[{"href":"https:\/\/www.dosacordes.es\/web\/wp-json\/wp\/v2\/media?parent=6886"}],"curies":[{"name":"wp","href":"https:\/\/api.w.org\/{rel}","templated":true}]}}