{"id":13934,"date":"2017-09-10T16:05:16","date_gmt":"2017-09-10T14:05:16","guid":{"rendered":"http:\/\/www.dosacordes.es\/web\/?page_id=653"},"modified":"2017-09-10T16:05:16","modified_gmt":"2017-09-10T14:05:16","slug":"trabaja-con-nosotros","status":"publish","type":"page","link":"https:\/\/www.dosacordes.es\/web\/en\/trabaja-con-nosotros\/","title":{"rendered":"\u00bfQuieres trabajar con nosotros?"},"content":{"rendered":"<p style=\"text-align: justify;\"><img loading=\"lazy\" decoding=\"async\" class=\"alignright wp-image-671\" src=\"http:\/\/www.dosacordes.es\/web\/wp-content\/uploads\/2017\/09\/home-office-336378_640.jpg\" alt=\"\" width=\"301\" height=\"190\" \/>Si quieres formar parte del equipo de Dos Acordes impartiendo docencia (\u00e1mbito nacional, preparando todas las CCAA) en nuestra Academia Virtual (trabajo a distancia) est\u00e1s en el lugar correcto.<\/p>\n<div dir=\"auto\" style=\"text-align: justify;\">Actualmente tenemos abierto el\u00a0proceso de selecci\u00f3n\u00a0para:<\/div>\n<ul style=\"text-align: justify;\">\n<li dir=\"auto\">Preparadores del Cuerpo de Maestros: EF, AL, Franc\u00e9s.<\/li>\n<li dir=\"auto\">Preparadores del Cuerpo de Profesores de Secundaria (todas las especialidades excepto M\u00fasica).<\/li>\n<\/ul>\n<div dir=\"auto\" style=\"text-align: justify;\">Entre tus\u00a0<strong>funciones<\/strong>\u00a0estar\u00e1n las siguientes:<\/div>\n<ul style=\"text-align: justify;\">\n<li dir=\"auto\">Explicar y preparar todas las pruebas correspondientes a los distintos ex\u00e1menes de oposici\u00f3n (parte pr\u00e1ctica, temario, elaboraci\u00f3n y defensa de la Programaci\u00f3n Did\u00e1ctica, etc).<\/li>\n<li dir=\"auto\">Realizar ex\u00e1menes \u2013 simulacros peri\u00f3dicos.<\/li>\n<li dir=\"auto\">Resolver las dudas del alumnado en un plazo m\u00e1ximo de 48h.<\/li>\n<\/ul>\n<div dir=\"auto\" style=\"text-align: justify;\"><strong>Requisitos<\/strong>:<\/div>\n<ul style=\"text-align: justify;\">\n<li dir=\"auto\">Ser funcionario de carrera de la especialidad a la que se opta (o bien con habilitaci\u00f3n para la misma)<\/li>\n<li dir=\"auto\">Poseer alta capacidad comunicativa y proactividad.<\/li>\n<li dir=\"auto\">Disponer de una buena conexi\u00f3n a Internet.<\/li>\n<\/ul>\n<div dir=\"auto\" style=\"text-align: justify;\"><strong>Se valorar\u00e1:<\/strong><\/div>\n<ul style=\"text-align: justify;\">\n<li dir=\"auto\">Experiencia demostrable.<\/li>\n<li dir=\"auto\">Disponibilidad de temario propio actualizado.<\/li>\n<li dir=\"auto\">Competencia TIC: Dominio de herramientas 2.0 para creaci\u00f3n de materiales. Manejo de Moodle con rol profesor: Elaboraci\u00f3n de espacios virtuales. Seguimiento de alumnos. Evaluaci\u00f3n.<\/li>\n<\/ul>\n<div dir=\"auto\" style=\"text-align: justify;\"><strong>Se ofrece:<\/strong><\/div>\n<ul style=\"text-align: justify;\">\n<li dir=\"auto\">Buen salario.<\/li>\n<li dir=\"auto\">Flexibilidad horaria.<\/li>\n<\/ul>\n<div dir=\"auto\" style=\"text-align: justify;\">Si est\u00e1s interesado\/a, ponte en\u00a0<a href=\"http:\/\/www.dosacordes.es\/tickets\" target=\"_blank\" rel=\"noopener noreferrer\">contacto con nosotros<\/a>. Selecciona en el desplegable de Temas de ayuda la opci\u00f3n \u201cQuiero trabajar con vosotros\u201c.<\/div>\n","protected":false},"excerpt":{"rendered":"<p>Si quieres formar parte del equipo de Dos Acordes impartiendo docencia (\u00e1mbito nacional, preparando todas las CCAA) en nuestra Academia Virtual (trabajo a distancia) est\u00e1s en el lugar correcto. Actualmente tenemos abierto el\u00a0proceso de selecci\u00f3n\u00a0para: Preparadores del Cuerpo de Maestros: EF, AL, Franc\u00e9s. Preparadores del Cuerpo de Profesores de Secundaria (todas las especialidades excepto M\u00fasica). [&hellip;]<\/p>\n","protected":false},"author":1,"featured_media":0,"parent":0,"menu_order":0,"comment_status":"closed","ping_status":"closed","template":"templates\/template-full.php","meta":{"om_disable_all_campaigns":false,"_monsterinsights_skip_tracking":false,"_monsterinsights_sitenote_active":false,"_monsterinsights_sitenote_note":"","_monsterinsights_sitenote_category":0,"footnotes":""},"aioseo_notices":[],"lang":"en","translations":{"en":13934,"es":653,"ar":13171,"uy":13172},"pll_sync_post":[],"_links":{"self":[{"href":"https:\/\/www.dosacordes.es\/web\/wp-json\/wp\/v2\/pages\/13934"}],"collection":[{"href":"https:\/\/www.dosacordes.es\/web\/wp-json\/wp\/v2\/pages"}],"about":[{"href":"https:\/\/www.dosacordes.es\/web\/wp-json\/wp\/v2\/types\/page"}],"author":[{"embeddable":true,"href":"https:\/\/www.dosacordes.es\/web\/wp-json\/wp\/v2\/users\/1"}],"replies":[{"embeddable":true,"href":"https:\/\/www.dosacordes.es\/web\/wp-json\/wp\/v2\/comments?post=13934"}],"version-history":[{"count":0,"href":"https:\/\/www.dosacordes.es\/web\/wp-json\/wp\/v2\/pages\/13934\/revisions"}],"wp:attachment":[{"href":"https:\/\/www.dosacordes.es\/web\/wp-json\/wp\/v2\/media?parent=13934"}],"curies":[{"name":"wp","href":"https:\/\/api.w.org\/{rel}","templated":true}]}}